{"id":97,"date":"2020-08-03T11:54:53","date_gmt":"2020-08-03T09:54:53","guid":{"rendered":"https:\/\/www.wallstyler.eu\/blog\/?page_id=97"},"modified":"2020-08-07T13:40:58","modified_gmt":"2020-08-07T11:40:58","slug":"holzverkleidungen","status":"publish","type":"page","link":"https:\/\/www.wallstyler.eu\/blog\/wandgestaltung\/holzverkleidungen\/","title":{"rendered":"Holzverkleidungen"},"content":{"rendered":"\n[et_pb_section fb_built=&#8221;1&#8243; _builder_version=&#8221;4.5.2&#8243; _module_preset=&#8221;default&#8221; custom_padding=&#8221;20px||10px||false|false&#8221; animation_style=&#8221;slide&#8221; animation_delay=&#8221;100ms&#8221; animation_speed_curve=&#8221;linear&#8221;][et_pb_row _builder_version=&#8221;4.5.2&#8243; _module_preset=&#8221;default&#8221; custom_padding=&#8221;20px||0px||false|false&#8221;][et_pb_column type=&#8221;4_4&#8243; _builder_version=&#8221;4.5.2&#8243; _module_preset=&#8221;default&#8221;][et_pb_text _builder_version=&#8221;4.5.2&#8243; _module_preset=&#8221;default&#8221;]<h1 style=\"text-align: center;\">Holzverkleidungen &#8211; Wandgestaltungen aus Holz<\/h1>[\/et_pb_text][\/et_pb_column][\/et_pb_row][et_pb_row column_structure=&#8221;2_3,1_3&#8243; _builder_version=&#8221;4.5.2&#8243; _module_preset=&#8221;default&#8221; custom_padding=&#8221;||5px||false|false&#8221;][et_pb_column type=&#8221;2_3&#8243; _builder_version=&#8221;4.5.2&#8243; _module_preset=&#8221;default&#8221;][et_pb_text _builder_version=&#8221;4.5.2&#8243; _module_preset=&#8221;default&#8221;]<p>Eine Wandgestaltung aus Holz liegt wieder voll im Trend. Hier finden Sie Informationen zu unserem Lieferprogramm. Wir bieten die unterschiedlichsten Kollektionen an. Die Holzpaneele FoR-REST wird in Deutschland und Bosnien hergestellt. Je nach Serie der Holzpaneele wird Fichte, Eiche, Buche oder Nu\u00dfholz bei der Herstellung der Massivholzpaneelen verwendet.<br \/> Die Holzverkleidungen von TeakYourWall bestehen aus tropischen Alth\u00f6lzern und Restst\u00fccken, die bei der M\u00f6belindustrie anfallen. Gefertigt wird die Paneelen in Indoniesien, zur Herstellung werden die unterschiedlichsten Harth\u00f6lzer verwendet, z. B. Suar, Teak, Meranti, Bankirai und Java Wood.<\/p>[\/et_pb_text][\/et_pb_column][et_pb_column type=&#8221;1_3&#8243; _builder_version=&#8221;4.5.2&#8243; _module_preset=&#8221;default&#8221;][et_pb_image src=&#8221;https:\/\/www.wallstyler.eu\/blog\/wp-content\/uploads\/2020\/08\/holzpaneele-gently-flat-eiche-speiseraum-4.jpg&#8221; title_text=&#8221;Holzpaneele Gently Flat Eiche Speiseraum 4&#8243; show_in_lightbox=&#8221;on&#8221; _builder_version=&#8221;4.5.2&#8243; _module_preset=&#8221;default&#8221; border_radii=&#8221;on|10px|10px|10px|10px&#8221; box_shadow_style=&#8221;preset2&#8243;][\/et_pb_image][\/et_pb_column][\/et_pb_row][et_pb_row column_structure=&#8221;1_3,2_3&#8243; _builder_version=&#8221;4.5.2&#8243; _module_preset=&#8221;default&#8221;][et_pb_column type=&#8221;1_3&#8243; _builder_version=&#8221;4.5.2&#8243; _module_preset=&#8221;default&#8221;][et_pb_image src=&#8221;https:\/\/www.wallstyler.eu\/blog\/wp-content\/uploads\/2020\/08\/mosaikfliesen-cocomosaic-natural-bliss-3.jpg&#8221; title_text=&#8221;Mosaikfliesen Cocomosaic Natural Bliss 3&#8243; show_in_lightbox=&#8221;on&#8221; _builder_version=&#8221;4.5.2&#8243; _module_preset=&#8221;default&#8221; hover_enabled=&#8221;0&#8243; border_radii=&#8221;on|10px|10px|10px|10px&#8221; box_shadow_style=&#8221;preset2&#8243;][\/et_pb_image][\/et_pb_column][et_pb_column type=&#8221;2_3&#8243; _builder_version=&#8221;4.5.2&#8243; _module_preset=&#8221;default&#8221;][et_pb_text _builder_version=&#8221;4.5.2&#8243; _module_preset=&#8221;default&#8221;]<p>Ein weiteres Highlight sind die Holz Mosaik Fliesen von Cocomosaic. Zur Herstellung werden die Schalen der Kokosnuss verwendet, die bei der Produktion von Kokosmilch anfallen. Es stehen mehrere Farbenvarianten zur Verf\u00fcgung, die sich auch untereinander mischen lassen.<\/p>\n<p>Jede Holzpaneele weist besondere Charakteristika auf, durch die Verwendung der unterschiedlichstes Holzarten. So wird jede Wandgestaltung mit Holz zum Unikat, die sich in der Oberfl\u00e4che, Design und Farbgestaltung nicht kopieren l\u00e4sst.<\/p>[\/et_pb_text][\/et_pb_column][\/et_pb_row][\/et_pb_section][et_pb_section fb_built=&#8221;1&#8243; _builder_version=&#8221;4.5.2&#8243; _module_preset=&#8221;default&#8221; custom_padding=&#8221;20px||40px||false|false&#8221;][et_pb_row _builder_version=&#8221;4.5.2&#8243; _module_preset=&#8221;default&#8221; custom_padding=&#8221;||10px||false|false&#8221;][et_pb_column type=&#8221;4_4&#8243; _builder_version=&#8221;4.5.2&#8243; _module_preset=&#8221;default&#8221;][et_pb_text _builder_version=&#8221;4.5.2&#8243; _module_preset=&#8221;default&#8221;]<h2><span style=\"text-decoration: underline;\">\u00dcbersicht Kollektionen<\/span><\/h2>[\/et_pb_text][\/et_pb_column][\/et_pb_row][et_pb_row column_structure=&#8221;1_3,1_3,1_3&#8243; _builder_version=&#8221;4.5.2&#8243; _module_preset=&#8221;default&#8221; custom_padding=&#8221;10px||10px||false|false&#8221;][et_pb_column type=&#8221;1_3&#8243; _builder_version=&#8221;4.5.2&#8243; _module_preset=&#8221;default&#8221;][et_pb_image src=&#8221;https:\/\/www.wallstyler.eu\/blog\/wp-content\/uploads\/2020\/07\/kategorie-holzverkleidung-for-rest.jpg&#8221; title_text=&#8221;Kategorie Holzverkleidung For Rest&#8221; show_in_lightbox=&#8221;on&#8221; align=&#8221;center&#8221; _builder_version=&#8221;4.5.2&#8243; _module_preset=&#8221;default&#8221; border_radii=&#8221;on|10px|10px|10px|10px&#8221; box_shadow_style=&#8221;preset2&#8243;][\/et_pb_image][\/et_pb_column][et_pb_column type=&#8221;1_3&#8243; _builder_version=&#8221;4.5.2&#8243; _module_preset=&#8221;default&#8221;][et_pb_image src=&#8221;https:\/\/www.wallstyler.eu\/blog\/wp-content\/uploads\/2020\/07\/kategorie-holzverkleidung-cocomosaic.jpg&#8221; alt=&#8221;Kategorie &#8211; Gr\u00fcnraumgestaltung&#8221; title_text=&#8221;Kategorie Holzverkleidung Cocomosaic&#8221; show_in_lightbox=&#8221;on&#8221; align=&#8221;center&#8221; _builder_version=&#8221;4.5.2&#8243; _module_preset=&#8221;default&#8221; border_radii=&#8221;on|10px|10px|10px|10px&#8221; box_shadow_style=&#8221;preset2&#8243;][\/et_pb_image][\/et_pb_column][et_pb_column type=&#8221;1_3&#8243; _builder_version=&#8221;4.5.2&#8243; _module_preset=&#8221;default&#8221;][et_pb_image src=&#8221;https:\/\/www.wallstyler.eu\/blog\/wp-content\/uploads\/2020\/07\/kategorie-holzverkleidung-teakyourwall.jpg&#8221; title_text=&#8221;Kategorie Holzverkleidung Teakyourwall&#8221; show_in_lightbox=&#8221;on&#8221; align=&#8221;center&#8221; _builder_version=&#8221;4.5.2&#8243; _module_preset=&#8221;default&#8221; border_radii=&#8221;on|10px|10px|10px|10px&#8221; box_shadow_style=&#8221;preset2&#8243;][\/et_pb_image][\/et_pb_column][\/et_pb_row][et_pb_row column_structure=&#8221;1_3,1_3,1_3&#8243; _builder_version=&#8221;4.5.2&#8243; _module_preset=&#8221;default&#8221; custom_padding=&#8221;10px||10px||false|false&#8221;][et_pb_column type=&#8221;1_3&#8243; _builder_version=&#8221;4.5.2&#8243; _module_preset=&#8221;default&#8221;][et_pb_text _builder_version=&#8221;4.5.2&#8243; _module_preset=&#8221;default&#8221;]<h2 style=\"text-align: center;\"><span class=\"subtitle\">For-Rest Holzpaneelen<\/span><\/h2>\n<p style=\"text-align: center;\"><span class=\"subtitle\">Exklusive Holzpaneelen aus europ\u00e4ischen H\u00f6lzern als Wandgestaltung <br \/><\/span><\/p>[\/et_pb_text][\/et_pb_column][et_pb_column type=&#8221;1_3&#8243; _builder_version=&#8221;4.5.2&#8243; _module_preset=&#8221;default&#8221;][et_pb_text _builder_version=&#8221;4.5.2&#8243; _module_preset=&#8221;default&#8221;]<h2 style=\"text-align: center;\"><span class=\"subtitle\">Cocomosaic Holzfliesen<\/span><\/h2>\n<p style=\"text-align: center;\"><span class=\"subtitle\">Mosaik Fliesen aus der Schale der Kokosnuss Schale f\u00fcr eine individuelle Wandgestaltung<\/span><\/p>[\/et_pb_text][\/et_pb_column][et_pb_column type=&#8221;1_3&#8243; _builder_version=&#8221;4.5.2&#8243; _module_preset=&#8221;default&#8221;][et_pb_text _builder_version=&#8221;4.5.2&#8243; _module_preset=&#8221;default&#8221;]<h2 style=\"text-align: center;\"><span class=\"subtitle\">TeakYouWall Wandpaneelen<\/span><\/h2>\n<p style=\"text-align: center;\"><span class=\"subtitle\">Eine besondere Holzverkleidung aus tropischen H\u00f6lzern<br \/><\/span><\/p>[\/et_pb_text][\/et_pb_column][\/et_pb_row][et_pb_row column_structure=&#8221;1_3,1_3,1_3&#8243; _builder_version=&#8221;4.5.2&#8243; _module_preset=&#8221;default&#8221; module_alignment=&#8221;center&#8221; custom_padding=&#8221;10px||10px||false|false&#8221;][et_pb_column type=&#8221;1_3&#8243; _builder_version=&#8221;4.5.2&#8243; _module_preset=&#8221;default&#8221;][et_pb_button button_text=&#8221;Weiter zur Seite&#8221; button_alignment=&#8221;center&#8221; admin_label=&#8221;Button Kontakt&#8221; _builder_version=&#8221;4.5.2&#8243; custom_button=&#8221;on&#8221; button_text_size=&#8221;20px&#8221; button_text_color=&#8221;#ffffff&#8221; button_bg_color=&#8221;rgba(224,153,0,0.81)&#8221; button_border_width=&#8221;2px&#8221; button_border_color=&#8221;#ffffff&#8221; button_border_radius=&#8221;10px&#8221; button_letter_spacing=&#8221;2px&#8221; button_font=&#8221;|600|||||||&#8221; background_layout=&#8221;dark&#8221; button_text_shadow_style=&#8221;preset5&#8243; button_text_shadow_color=&#8221;#000000&#8243; box_shadow_style=&#8221;preset2&#8243;][\/et_pb_button][\/et_pb_column][et_pb_column type=&#8221;1_3&#8243; _builder_version=&#8221;4.5.2&#8243; _module_preset=&#8221;default&#8221;][et_pb_button button_text=&#8221;Weiter zur Seite&#8221; button_alignment=&#8221;center&#8221; admin_label=&#8221;Button Kontakt&#8221; _builder_version=&#8221;4.5.2&#8243; custom_button=&#8221;on&#8221; button_text_size=&#8221;20px&#8221; button_text_color=&#8221;#ffffff&#8221; button_bg_color=&#8221;rgba(224,153,0,0.81)&#8221; button_border_width=&#8221;2px&#8221; button_border_color=&#8221;#ffffff&#8221; button_border_radius=&#8221;10px&#8221; button_letter_spacing=&#8221;2px&#8221; button_font=&#8221;|600|||||||&#8221; background_layout=&#8221;dark&#8221; button_text_shadow_style=&#8221;preset5&#8243; button_text_shadow_color=&#8221;#000000&#8243; box_shadow_style=&#8221;preset2&#8243;][\/et_pb_button][\/et_pb_column][et_pb_column type=&#8221;1_3&#8243; _builder_version=&#8221;4.5.2&#8243; _module_preset=&#8221;default&#8221;][et_pb_button button_text=&#8221;Weiter zur Seite&#8221; button_alignment=&#8221;center&#8221; admin_label=&#8221;Button Kontakt&#8221; _builder_version=&#8221;4.5.2&#8243; custom_button=&#8221;on&#8221; button_text_size=&#8221;20px&#8221; button_text_color=&#8221;#ffffff&#8221; button_bg_color=&#8221;rgba(224,153,0,0.81)&#8221; button_border_width=&#8221;2px&#8221; button_border_color=&#8221;#ffffff&#8221; button_border_radius=&#8221;10px&#8221; button_letter_spacing=&#8221;2px&#8221; button_font=&#8221;|600|||||||&#8221; background_layout=&#8221;dark&#8221; button_text_shadow_style=&#8221;preset5&#8243; button_text_shadow_color=&#8221;#000000&#8243; box_shadow_style=&#8221;preset2&#8243;][\/et_pb_button][\/et_pb_column][\/et_pb_row][\/et_pb_section][et_pb_section fb_built=&#8221;1&#8243; _builder_version=&#8221;4.5.2&#8243; background_color=&#8221;#aa1111&#8243; custom_margin=&#8221;||||false|false&#8221; animation_style=&#8221;flip&#8221; animation_direction=&#8221;top&#8221;][et_pb_row column_structure=&#8221;1_2,1_4,1_4&#8243; make_equal=&#8221;on&#8221; _builder_version=&#8221;4.4.8&#8243; width=&#8221;100%&#8221; max_width=&#8221;1532px&#8221; module_alignment=&#8221;center&#8221;][et_pb_column type=&#8221;1_2&#8243; _builder_version=&#8221;4.4.8&#8243;][et_pb_text _builder_version=&#8221;4.4.8&#8243; header_font_size=&#8221;35px&#8221; header_letter_spacing=&#8221;1px&#8221; header_line_height=&#8221;1.2em&#8221; width=&#8221;100%&#8221;]<h1><span style=\"color: #ffffff;\">Unsere Produkte gefallen Ihnen?<\/span><\/h1>\n<p><span style=\"color: #ffffff;\">Fordern Sie ganz einfach ein Angebot an oder bestellen Sie einfach online<\/span><\/p>[\/et_pb_text][\/et_pb_column][et_pb_column type=&#8221;1_4&#8243; _builder_version=&#8221;4.4.8&#8243;][et_pb_button button_url=&#8221;@ET-DC@eyJkeW5hbWljIjp0cnVlLCJjb250ZW50IjoicG9zdF9saW5rX3VybF9wYWdlIiwic2V0dGluZ3MiOnsicG9zdF9pZCI6IjcxIn19@&#8221; button_text=&#8221;Zum Kontaktformular&#8221; button_alignment=&#8221;left&#8221; admin_label=&#8221;Button Kontakt&#8221; _builder_version=&#8221;4.5.2&#8243; _dynamic_attributes=&#8221;button_url&#8221; custom_button=&#8221;on&#8221; button_text_size=&#8221;20px&#8221; button_text_color=&#8221;#ffffff&#8221; button_bg_color=&#8221;rgba(224,153,0,0.81)&#8221; button_border_width=&#8221;2px&#8221; button_border_color=&#8221;#ffffff&#8221; button_border_radius=&#8221;10px&#8221; button_letter_spacing=&#8221;2px&#8221; button_font=&#8221;|600|||||||&#8221; background_layout=&#8221;dark&#8221; button_text_shadow_style=&#8221;preset5&#8243; button_text_shadow_color=&#8221;#000000&#8243; box_shadow_style=&#8221;preset2&#8243;][\/et_pb_button][\/et_pb_column][et_pb_column type=&#8221;1_4&#8243; _builder_version=&#8221;4.4.8&#8243;][et_pb_button button_url=&#8221;https:\/\/www.wallstyler.eu\/Holzverkleidungen&#8221; button_text=&#8221;Zum Online-Shop&#8221; button_alignment=&#8221;left&#8221; admin_label=&#8221;Button Kontakt&#8221; _builder_version=&#8221;4.5.2&#8243; custom_button=&#8221;on&#8221; button_text_size=&#8221;20px&#8221; button_text_color=&#8221;#ffffff&#8221; button_bg_color=&#8221;rgba(224,153,0,0.81)&#8221; button_border_width=&#8221;2px&#8221; button_border_color=&#8221;#ffffff&#8221; button_border_radius=&#8221;10px&#8221; button_letter_spacing=&#8221;2px&#8221; button_font=&#8221;|600|||||||&#8221; background_layout=&#8221;dark&#8221; button_text_shadow_style=&#8221;preset5&#8243; button_text_shadow_color=&#8221;#000000&#8243; box_shadow_style=&#8221;preset2&#8243;][\/et_pb_button][\/et_pb_column][\/et_pb_row][\/et_pb_section]\n","protected":false},"excerpt":{"rendered":"<p>Holzverkleidungen &#8211; Wandgestaltungen aus HolzEine Wandgestaltung aus Holz liegt wieder voll im Trend. Hier finden Sie Informationen zu unserem Lieferprogramm. Wir bieten die unterschiedlichsten Kollektionen an. Die Holzpaneele FoR-REST wird in Deutschland und Bosnien hergestellt. Je nach Serie der Holzpaneele wird Fichte, Eiche, Buche oder Nu\u00dfholz bei der Herstellung der Massivholzpaneelen verwendet. Die Holzverkleidungen von [&hellip;]<\/p>\n","protected":false},"author":1,"featured_media":0,"parent":80,"menu_order":1,"comment_status":"closed","ping_status":"closed","template":"","meta":{"_et_pb_use_builder":"on","_et_pb_old_content":"","_et_gb_content_width":"","footnotes":""},"class_list":["post-97","page","type-page","status-publish","hentry"],"yoast_head":"<!-- This site is optimized with the Yoast SEO plugin v18.5.1 - https:\/\/yoast.com\/wordpress\/plugins\/seo\/ -->\n<title>Holzverkleidungen - WallStyler Blog -Holzpaneelen als Wandgestaltung<\/title>\n<meta name=\"description\" content=\"Holzverkleidungen aus europ\u00e4ischen H\u00f6lzern, Mosaik Fliesen aus der Kokosnuss. Eine Wandgestaltung aus Holz liegt wieder voll im Trend\" \/>\n<meta name=\"robots\" content=\"index, follow, max-snippet:-1, max-image-preview:large, max-video-preview:-1\" \/>\n<link rel=\"canonical\" href=\"https:\/\/www.wallstyler.eu\/blog\/wandgestaltung\/holzverkleidungen\/\" \/>\n<meta property=\"og:locale\" content=\"de_DE\" \/>\n<meta property=\"og:type\" content=\"article\" \/>\n<meta property=\"og:title\" content=\"Holzverkleidungen - WallStyler Blog -Holzpaneelen als Wandgestaltung\" \/>\n<meta property=\"og:description\" content=\"Holzverkleidungen aus europ\u00e4ischen H\u00f6lzern, Mosaik Fliesen aus der Kokosnuss. Eine Wandgestaltung aus Holz liegt wieder voll im Trend\" \/>\n<meta property=\"og:url\" content=\"https:\/\/www.wallstyler.eu\/blog\/wandgestaltung\/holzverkleidungen\/\" \/>\n<meta property=\"og:site_name\" content=\"WallStyler Blog\" \/>\n<meta property=\"article:publisher\" content=\"https:\/\/www.facebook.com\/wallstylershop\" \/>\n<meta property=\"article:modified_time\" content=\"2020-08-07T11:40:58+00:00\" \/>\n<meta name=\"twitter:card\" content=\"summary_large_image\" \/>\n<meta name=\"twitter:label1\" content=\"Gesch\u00e4tzte Lesezeit\" \/>\n\t<meta name=\"twitter:data1\" content=\"7\u00a0Minuten\" \/>\n<script type=\"application\/ld+json\" class=\"yoast-schema-graph\">{\"@context\":\"https:\/\/schema.org\",\"@graph\":[{\"@type\":\"Organization\",\"@id\":\"https:\/\/www.wallstyler.eu\/blog\/#organization\",\"name\":\"Franzen Wanddesign\",\"url\":\"https:\/\/www.wallstyler.eu\/blog\/\",\"sameAs\":[\"https:\/\/www.facebook.com\/wallstylershop\",\"https:\/\/www.instagram.com\/wall_styler\/\"],\"logo\":{\"@type\":\"ImageObject\",\"@id\":\"https:\/\/www.wallstyler.eu\/blog\/#logo\",\"inLanguage\":\"de\",\"url\":\"https:\/\/www.wallstyler.eu\/blog\/wp-content\/uploads\/2020\/06\/Logo-Wallstyler-2020-SD.png\",\"contentUrl\":\"https:\/\/www.wallstyler.eu\/blog\/wp-content\/uploads\/2020\/06\/Logo-Wallstyler-2020-SD.png\",\"width\":1400,\"height\":375,\"caption\":\"Franzen Wanddesign\"},\"image\":{\"@id\":\"https:\/\/www.wallstyler.eu\/blog\/#logo\"}},{\"@type\":\"WebSite\",\"@id\":\"https:\/\/www.wallstyler.eu\/blog\/#website\",\"url\":\"https:\/\/www.wallstyler.eu\/blog\/\",\"name\":\"WallStyler Blog\",\"description\":\"Geben Sie Ihrer Wandgestaltung den Besonderen Kick\",\"publisher\":{\"@id\":\"https:\/\/www.wallstyler.eu\/blog\/#organization\"},\"potentialAction\":[{\"@type\":\"SearchAction\",\"target\":{\"@type\":\"EntryPoint\",\"urlTemplate\":\"https:\/\/www.wallstyler.eu\/blog\/?s={search_term_string}\"},\"query-input\":\"required name=search_term_string\"}],\"inLanguage\":\"de\"},{\"@type\":\"WebPage\",\"@id\":\"https:\/\/www.wallstyler.eu\/blog\/wandgestaltung\/holzverkleidungen\/#webpage\",\"url\":\"https:\/\/www.wallstyler.eu\/blog\/wandgestaltung\/holzverkleidungen\/\",\"name\":\"Holzverkleidungen - WallStyler Blog -Holzpaneelen als Wandgestaltung\",\"isPartOf\":{\"@id\":\"https:\/\/www.wallstyler.eu\/blog\/#website\"},\"datePublished\":\"2020-08-03T09:54:53+00:00\",\"dateModified\":\"2020-08-07T11:40:58+00:00\",\"description\":\"Holzverkleidungen aus europ\u00e4ischen H\u00f6lzern, Mosaik Fliesen aus der Kokosnuss. Eine Wandgestaltung aus Holz liegt wieder voll im Trend\",\"breadcrumb\":{\"@id\":\"https:\/\/www.wallstyler.eu\/blog\/wandgestaltung\/holzverkleidungen\/#breadcrumb\"},\"inLanguage\":\"de\",\"potentialAction\":[{\"@type\":\"ReadAction\",\"target\":[\"https:\/\/www.wallstyler.eu\/blog\/wandgestaltung\/holzverkleidungen\/\"]}]},{\"@type\":\"BreadcrumbList\",\"@id\":\"https:\/\/www.wallstyler.eu\/blog\/wandgestaltung\/holzverkleidungen\/#breadcrumb\",\"itemListElement\":[{\"@type\":\"ListItem\",\"position\":1,\"name\":\"Startseite\",\"item\":\"https:\/\/www.wallstyler.eu\/blog\/\"},{\"@type\":\"ListItem\",\"position\":2,\"name\":\"Wandgestaltung\",\"item\":\"https:\/\/www.wallstyler.eu\/blog\/wandgestaltung\/\"},{\"@type\":\"ListItem\",\"position\":3,\"name\":\"Holzverkleidungen\"}]}]}<\/script>\n<!-- \/ Yoast SEO plugin. -->","yoast_head_json":{"title":"Holzverkleidungen - WallStyler Blog -Holzpaneelen als Wandgestaltung","description":"Holzverkleidungen aus europ\u00e4ischen H\u00f6lzern, Mosaik Fliesen aus der Kokosnuss. Eine Wandgestaltung aus Holz liegt wieder voll im Trend","robots":{"index":"index","follow":"follow","max-snippet":"max-snippet:-1","max-image-preview":"max-image-preview:large","max-video-preview":"max-video-preview:-1"},"canonical":"https:\/\/www.wallstyler.eu\/blog\/wandgestaltung\/holzverkleidungen\/","og_locale":"de_DE","og_type":"article","og_title":"Holzverkleidungen - WallStyler Blog -Holzpaneelen als Wandgestaltung","og_description":"Holzverkleidungen aus europ\u00e4ischen H\u00f6lzern, Mosaik Fliesen aus der Kokosnuss. Eine Wandgestaltung aus Holz liegt wieder voll im Trend","og_url":"https:\/\/www.wallstyler.eu\/blog\/wandgestaltung\/holzverkleidungen\/","og_site_name":"WallStyler Blog","article_publisher":"https:\/\/www.facebook.com\/wallstylershop","article_modified_time":"2020-08-07T11:40:58+00:00","twitter_card":"summary_large_image","twitter_misc":{"Gesch\u00e4tzte Lesezeit":"7\u00a0Minuten"},"schema":{"@context":"https:\/\/schema.org","@graph":[{"@type":"Organization","@id":"https:\/\/www.wallstyler.eu\/blog\/#organization","name":"Franzen Wanddesign","url":"https:\/\/www.wallstyler.eu\/blog\/","sameAs":["https:\/\/www.facebook.com\/wallstylershop","https:\/\/www.instagram.com\/wall_styler\/"],"logo":{"@type":"ImageObject","@id":"https:\/\/www.wallstyler.eu\/blog\/#logo","inLanguage":"de","url":"https:\/\/www.wallstyler.eu\/blog\/wp-content\/uploads\/2020\/06\/Logo-Wallstyler-2020-SD.png","contentUrl":"https:\/\/www.wallstyler.eu\/blog\/wp-content\/uploads\/2020\/06\/Logo-Wallstyler-2020-SD.png","width":1400,"height":375,"caption":"Franzen Wanddesign"},"image":{"@id":"https:\/\/www.wallstyler.eu\/blog\/#logo"}},{"@type":"WebSite","@id":"https:\/\/www.wallstyler.eu\/blog\/#website","url":"https:\/\/www.wallstyler.eu\/blog\/","name":"WallStyler Blog","description":"Geben Sie Ihrer Wandgestaltung den Besonderen Kick","publisher":{"@id":"https:\/\/www.wallstyler.eu\/blog\/#organization"},"potentialAction":[{"@type":"SearchAction","target":{"@type":"EntryPoint","urlTemplate":"https:\/\/www.wallstyler.eu\/blog\/?s={search_term_string}"},"query-input":"required name=search_term_string"}],"inLanguage":"de"},{"@type":"WebPage","@id":"https:\/\/www.wallstyler.eu\/blog\/wandgestaltung\/holzverkleidungen\/#webpage","url":"https:\/\/www.wallstyler.eu\/blog\/wandgestaltung\/holzverkleidungen\/","name":"Holzverkleidungen - WallStyler Blog -Holzpaneelen als Wandgestaltung","isPartOf":{"@id":"https:\/\/www.wallstyler.eu\/blog\/#website"},"datePublished":"2020-08-03T09:54:53+00:00","dateModified":"2020-08-07T11:40:58+00:00","description":"Holzverkleidungen aus europ\u00e4ischen H\u00f6lzern, Mosaik Fliesen aus der Kokosnuss. Eine Wandgestaltung aus Holz liegt wieder voll im Trend","breadcrumb":{"@id":"https:\/\/www.wallstyler.eu\/blog\/wandgestaltung\/holzverkleidungen\/#breadcrumb"},"inLanguage":"de","potentialAction":[{"@type":"ReadAction","target":["https:\/\/www.wallstyler.eu\/blog\/wandgestaltung\/holzverkleidungen\/"]}]},{"@type":"BreadcrumbList","@id":"https:\/\/www.wallstyler.eu\/blog\/wandgestaltung\/holzverkleidungen\/#breadcrumb","itemListElement":[{"@type":"ListItem","position":1,"name":"Startseite","item":"https:\/\/www.wallstyler.eu\/blog\/"},{"@type":"ListItem","position":2,"name":"Wandgestaltung","item":"https:\/\/www.wallstyler.eu\/blog\/wandgestaltung\/"},{"@type":"ListItem","position":3,"name":"Holzverkleidungen"}]}]}},"_links":{"self":[{"href":"https:\/\/www.wallstyler.eu\/blog\/wp-json\/wp\/v2\/pages\/97","targetHints":{"allow":["GET"]}}],"collection":[{"href":"https:\/\/www.wallstyler.eu\/blog\/wp-json\/wp\/v2\/pages"}],"about":[{"href":"https:\/\/www.wallstyler.eu\/blog\/wp-json\/wp\/v2\/types\/page"}],"author":[{"embeddable":true,"href":"https:\/\/www.wallstyler.eu\/blog\/wp-json\/wp\/v2\/users\/1"}],"replies":[{"embeddable":true,"href":"https:\/\/www.wallstyler.eu\/blog\/wp-json\/wp\/v2\/comments?post=97"}],"version-history":[{"count":12,"href":"https:\/\/www.wallstyler.eu\/blog\/wp-json\/wp\/v2\/pages\/97\/revisions"}],"predecessor-version":[{"id":204,"href":"https:\/\/www.wallstyler.eu\/blog\/wp-json\/wp\/v2\/pages\/97\/revisions\/204"}],"up":[{"embeddable":true,"href":"https:\/\/www.wallstyler.eu\/blog\/wp-json\/wp\/v2\/pages\/80"}],"wp:attachment":[{"href":"https:\/\/www.wallstyler.eu\/blog\/wp-json\/wp\/v2\/media?parent=97"}],"curies":[{"name":"wp","href":"https:\/\/api.w.org\/{rel}","templated":true}]}}