{"id":80,"date":"2020-08-02T16:32:42","date_gmt":"2020-08-02T14:32:42","guid":{"rendered":"https:\/\/www.wallstyler.eu\/blog\/?page_id=80"},"modified":"2020-08-02T16:53:05","modified_gmt":"2020-08-02T14:53:05","slug":"wandgestaltung","status":"publish","type":"page","link":"https:\/\/www.wallstyler.eu\/blog\/wandgestaltung\/","title":{"rendered":"Wandgestaltung"},"content":{"rendered":"<p>[et_pb_section fb_built=&#8221;1&#8243; _builder_version=&#8221;4.5.2&#8243; _module_preset=&#8221;default&#8221; custom_padding=&#8221;20px||20px||false|false&#8221; hover_enabled=&#8221;0&#8243;][et_pb_row _builder_version=&#8221;4.5.2&#8243; _module_preset=&#8221;default&#8221; custom_padding=&#8221;10px||10px||false|false&#8221;][et_pb_column type=&#8221;4_4&#8243; _builder_version=&#8221;4.5.2&#8243; _module_preset=&#8221;default&#8221;][et_pb_text _builder_version=&#8221;4.5.2&#8243; _module_preset=&#8221;default&#8221; custom_padding=&#8221;1px|||||&#8221;]<\/p>\n<h1 style=\"text-align: center;\">Unsere Produkte f\u00fcr eine Besondere Wandgestaltung<\/h1>\n<p>Hier finden Sie Informtionen zu unseren Produkten, die wir in unserem Online-Shop anbieten, f\u00fcr eine besondere Wandgestaltung. Von Kunststeinpaneelen in Ziegelsteinoptik, Kunststein Verblendsteine in mediterranen Formen und Farben bis hin zu Holzpaneelen, Moosbildern und Moosw\u00e4nden. Wir bieten unterschiedliche L\u00f6sungsm\u00f6glichkeiten um Ihr Projekt zu realisieren, sei es in der Gastronomie, Hotelbau, Ladenbau, Messebau, Wellness-Bereichen oder im Privatbereich.[\/et_pb_text][\/et_pb_column][\/et_pb_row][\/et_pb_section][et_pb_section fb_built=&#8221;1&#8243; _builder_version=&#8221;4.5.2&#8243; _module_preset=&#8221;default&#8221; custom_padding=&#8221;20px||20px||false|false&#8221; hover_enabled=&#8221;0&#8243;][et_pb_row column_structure=&#8221;1_3,1_3,1_3&#8243; _builder_version=&#8221;4.5.2&#8243; _module_preset=&#8221;default&#8221; custom_padding=&#8221;10px||10px||false|false&#8221;][et_pb_column type=&#8221;1_3&#8243; _builder_version=&#8221;4.5.2&#8243; _module_preset=&#8221;default&#8221;][et_pb_image src=&#8221;https:\/\/www.wallstyler.eu\/blog\/wp-content\/uploads\/2020\/07\/kategorie-holzverkleidungen.jpg&#8221; title_text=&#8221;Kategorie Holzverkleidungen&#8221; _builder_version=&#8221;4.5.2&#8243; _module_preset=&#8221;default&#8221;][\/et_pb_image][\/et_pb_column][et_pb_column type=&#8221;1_3&#8243; _builder_version=&#8221;4.5.2&#8243; _module_preset=&#8221;default&#8221;][et_pb_image src=&#8221;https:\/\/www.wallstyler.eu\/blog\/wp-content\/uploads\/2020\/07\/katergorie-gruenraumgestaltung.jpg&#8221; alt=&#8221;Kategorie &#8211; Gr\u00fcnraumgestaltung&#8221; title_text=&#8221;Kategorie &#8211; Gr\u00fcnraumgestaltung&#8221; _builder_version=&#8221;4.5.2&#8243; _module_preset=&#8221;default&#8221;][\/et_pb_image][\/et_pb_column][et_pb_column type=&#8221;1_3&#8243; _builder_version=&#8221;4.5.2&#8243; _module_preset=&#8221;default&#8221;][et_pb_image src=&#8221;https:\/\/www.wallstyler.eu\/blog\/wp-content\/uploads\/2020\/07\/kategorie-kunststeinpaneele.jpg&#8221; title_text=&#8221;Kategorie Kunststeinpaneele&#8221; _builder_version=&#8221;4.5.2&#8243; _module_preset=&#8221;default&#8221;][\/et_pb_image][\/et_pb_column][\/et_pb_row][et_pb_row column_structure=&#8221;1_3,1_3,1_3&#8243; _builder_version=&#8221;4.5.2&#8243; _module_preset=&#8221;default&#8221; custom_padding=&#8221;10px||10px||false|false&#8221;][et_pb_column type=&#8221;1_3&#8243; _builder_version=&#8221;4.5.2&#8243; _module_preset=&#8221;default&#8221;][et_pb_text _builder_version=&#8221;4.5.2&#8243; _module_preset=&#8221;default&#8221;]<\/p>\n<p style=\"text-align: center;\"><span class=\"subtitle\">Exklusive Holzpaneelen als Wandgestaltung f\u00fcr das besondere Interior Design<\/span><\/p>\n<p>[\/et_pb_text][\/et_pb_column][et_pb_column type=&#8221;1_3&#8243; _builder_version=&#8221;4.5.2&#8243; _module_preset=&#8221;default&#8221;][et_pb_text _builder_version=&#8221;4.5.2&#8243; _module_preset=&#8221;default&#8221;]<\/p>\n<p style=\"text-align: center;\"><span class=\"subtitle\">Individuelle Moosw\u00e4nde und Moosbilder f\u00fcr die Innenraumgestaltung<\/span><\/p>\n<p>[\/et_pb_text][\/et_pb_column][et_pb_column type=&#8221;1_3&#8243; _builder_version=&#8221;4.5.2&#8243; _module_preset=&#8221;default&#8221;][et_pb_text _builder_version=&#8221;4.5.2&#8243; _module_preset=&#8221;default&#8221;]<\/p>\n<p style=\"text-align: center;\"><span class=\"subtitle\">Wandgestaltung mit Paneele in verschiedenen Optiken aus Kunststein aus mineralischen Stoffen.<\/span><\/p>\n<p>[\/et_pb_text][\/et_pb_column][\/et_pb_row][et_pb_row column_structure=&#8221;1_3,1_3,1_3&#8243; _builder_version=&#8221;4.5.2&#8243; _module_preset=&#8221;default&#8221; module_alignment=&#8221;center&#8221; custom_padding=&#8221;10px||10px||false|false&#8221;][et_pb_column type=&#8221;1_3&#8243; _builder_version=&#8221;4.5.2&#8243; _module_preset=&#8221;default&#8221;][et_pb_button button_text=&#8221;Weiter zur Seite&#8221; button_alignment=&#8221;center&#8221; admin_label=&#8221;Button Kontakt&#8221; _builder_version=&#8221;4.5.2&#8243; custom_button=&#8221;on&#8221; button_text_size=&#8221;20px&#8221; button_text_color=&#8221;#ffffff&#8221; button_bg_color=&#8221;rgba(224,153,0,0.81)&#8221; button_border_width=&#8221;2px&#8221; button_border_color=&#8221;#ffffff&#8221; button_border_radius=&#8221;10px&#8221; button_letter_spacing=&#8221;2px&#8221; button_font=&#8221;|600|||||||&#8221; background_layout=&#8221;dark&#8221; button_text_shadow_style=&#8221;preset5&#8243; button_text_shadow_color=&#8221;#000000&#8243; box_shadow_style=&#8221;preset2&#8243;][\/et_pb_button][\/et_pb_column][et_pb_column type=&#8221;1_3&#8243; _builder_version=&#8221;4.5.2&#8243; _module_preset=&#8221;default&#8221;][et_pb_button button_text=&#8221;Weiter zur Seite&#8221; button_alignment=&#8221;center&#8221; admin_label=&#8221;Button Kontakt&#8221; _builder_version=&#8221;4.5.2&#8243; custom_button=&#8221;on&#8221; button_text_size=&#8221;20px&#8221; button_text_color=&#8221;#ffffff&#8221; button_bg_color=&#8221;rgba(224,153,0,0.81)&#8221; button_border_width=&#8221;2px&#8221; button_border_color=&#8221;#ffffff&#8221; button_border_radius=&#8221;10px&#8221; button_letter_spacing=&#8221;2px&#8221; button_font=&#8221;|600|||||||&#8221; background_layout=&#8221;dark&#8221; button_text_shadow_style=&#8221;preset5&#8243; button_text_shadow_color=&#8221;#000000&#8243; box_shadow_style=&#8221;preset2&#8243;][\/et_pb_button][\/et_pb_column][et_pb_column type=&#8221;1_3&#8243; _builder_version=&#8221;4.5.2&#8243; _module_preset=&#8221;default&#8221;][et_pb_button button_text=&#8221;Weiter zur Seite&#8221; button_alignment=&#8221;center&#8221; admin_label=&#8221;Button Kontakt&#8221; _builder_version=&#8221;4.5.2&#8243; custom_button=&#8221;on&#8221; button_text_size=&#8221;20px&#8221; button_text_color=&#8221;#ffffff&#8221; button_bg_color=&#8221;rgba(224,153,0,0.81)&#8221; button_border_width=&#8221;2px&#8221; button_border_color=&#8221;#ffffff&#8221; button_border_radius=&#8221;10px&#8221; button_letter_spacing=&#8221;2px&#8221; button_font=&#8221;|600|||||||&#8221; background_layout=&#8221;dark&#8221; button_text_shadow_style=&#8221;preset5&#8243; button_text_shadow_color=&#8221;#000000&#8243; box_shadow_style=&#8221;preset2&#8243;][\/et_pb_button][\/et_pb_column][\/et_pb_row][\/et_pb_section][et_pb_section fb_built=&#8221;1&#8243; _builder_version=&#8221;4.4.8&#8243; background_color=&#8221;#aa1111&#8243;][et_pb_row column_structure=&#8221;1_2,1_4,1_4&#8243; make_equal=&#8221;on&#8221; _builder_version=&#8221;4.4.8&#8243; width=&#8221;100%&#8221; max_width=&#8221;1532px&#8221; module_alignment=&#8221;center&#8221;][et_pb_column type=&#8221;1_2&#8243; _builder_version=&#8221;4.4.8&#8243;][et_pb_text _builder_version=&#8221;4.4.8&#8243; header_font_size=&#8221;35px&#8221; header_letter_spacing=&#8221;1px&#8221; header_line_height=&#8221;1.2em&#8221; width=&#8221;100%&#8221;]<\/p>\n<h1><span style=\"color: #ffffff;\">Unsere Produkte gefallen Ihnen?<\/span><\/h1>\n<p><span style=\"color: #ffffff;\">Fordern Sie ganz einfach ein Angebot an oder bestellen Sie einfach online<\/span><\/p>\n<p>[\/et_pb_text][\/et_pb_column][et_pb_column type=&#8221;1_4&#8243; _builder_version=&#8221;4.4.8&#8243;][et_pb_button button_url=&#8221;@ET-DC@eyJkeW5hbWljIjp0cnVlLCJjb250ZW50IjoicG9zdF9saW5rX3VybF9wYWdlIiwic2V0dGluZ3MiOnsicG9zdF9pZCI6IjcxIn19@&#8221; button_text=&#8221;Zum Kontaktformular&#8221; button_alignment=&#8221;left&#8221; admin_label=&#8221;Button Kontakt&#8221; _builder_version=&#8221;4.5.2&#8243; _dynamic_attributes=&#8221;button_url&#8221; custom_button=&#8221;on&#8221; button_text_size=&#8221;20px&#8221; button_text_color=&#8221;#ffffff&#8221; button_bg_color=&#8221;rgba(224,153,0,0.81)&#8221; button_border_width=&#8221;2px&#8221; button_border_color=&#8221;#ffffff&#8221; button_border_radius=&#8221;10px&#8221; button_letter_spacing=&#8221;2px&#8221; button_font=&#8221;|600|||||||&#8221; background_layout=&#8221;dark&#8221; button_text_shadow_style=&#8221;preset5&#8243; button_text_shadow_color=&#8221;#000000&#8243; box_shadow_style=&#8221;preset2&#8243;][\/et_pb_button][\/et_pb_column][et_pb_column type=&#8221;1_4&#8243; _builder_version=&#8221;4.4.8&#8243;][et_pb_button button_url=&#8221;http:\/\/www.wallstyler.eu&#8221; url_new_window=&#8221;on&#8221; button_text=&#8221;Zum Online-Shop&#8221; button_alignment=&#8221;left&#8221; admin_label=&#8221;Button Shop&#8221; _builder_version=&#8221;4.5.2&#8243; custom_button=&#8221;on&#8221; button_text_size=&#8221;20px&#8221; button_text_color=&#8221;#ffffff&#8221; button_bg_color=&#8221;rgba(224,153,0,0.81)&#8221; button_border_width=&#8221;2px&#8221; button_border_color=&#8221;#ffffff&#8221; button_border_radius=&#8221;10px&#8221; button_letter_spacing=&#8221;2px&#8221; button_font=&#8221;|600|||||||&#8221; background_layout=&#8221;dark&#8221; button_text_shadow_style=&#8221;preset5&#8243; button_text_shadow_color=&#8221;#000000&#8243; box_shadow_style=&#8221;preset2&#8243;][\/et_pb_button][\/et_pb_column][\/et_pb_row][\/et_pb_section]<\/p>\n","protected":false},"excerpt":{"rendered":"<p>Unsere Produkte f\u00fcr eine Besondere Wandgestaltung Hier finden Sie Informtionen zu unseren Produkten, die wir in unserem Online-Shop anbieten, f\u00fcr eine besondere Wandgestaltung. Von Kunststeinpaneelen in Ziegelsteinoptik, Kunststein Verblendsteine in mediterranen Formen und Farben bis hin zu Holzpaneelen, Moosbildern und Moosw\u00e4nden. Wir bieten unterschiedliche L\u00f6sungsm\u00f6glichkeiten um Ihr Projekt zu realisieren, sei es in der Gastronomie, [&hellip;]<\/p>\n","protected":false},"author":1,"featured_media":0,"parent":0,"menu_order":2,"comment_status":"closed","ping_status":"closed","template":"","meta":{"_et_pb_use_builder":"on","_et_pb_old_content":"","_et_gb_content_width":"","footnotes":""},"class_list":["post-80","page","type-page","status-publish","hentry"],"yoast_head":"<!-- This site is optimized with the Yoast SEO plugin v18.5.1 - https:\/\/yoast.com\/wordpress\/plugins\/seo\/ -->\n<title>Wandgestaltung - WallStyler Blog - Informationen zu unseren Pridukten<\/title>\n<meta name=\"description\" content=\"Unser Lieferprogramm im Bereich der Wandgestaltung umfasst eine Vielzahl von Produkten, wie Holzpaneelen, Kunststeinpaneelen,Moosbilder und Moosw\u00e4nde\" \/>\n<meta name=\"robots\" content=\"index, follow, max-snippet:-1, max-image-preview:large, max-video-preview:-1\" \/>\n<link rel=\"canonical\" href=\"https:\/\/www.wallstyler.eu\/blog\/wandgestaltung\/\" \/>\n<meta property=\"og:locale\" content=\"de_DE\" \/>\n<meta property=\"og:type\" content=\"article\" \/>\n<meta property=\"og:title\" content=\"Wandgestaltung - WallStyler Blog - Informationen zu unseren Pridukten\" \/>\n<meta property=\"og:description\" content=\"Unser Lieferprogramm im Bereich der Wandgestaltung umfasst eine Vielzahl von Produkten, wie Holzpaneelen, Kunststeinpaneelen,Moosbilder und Moosw\u00e4nde\" \/>\n<meta property=\"og:url\" content=\"https:\/\/www.wallstyler.eu\/blog\/wandgestaltung\/\" \/>\n<meta property=\"og:site_name\" content=\"WallStyler Blog\" \/>\n<meta property=\"article:publisher\" content=\"https:\/\/www.facebook.com\/wallstylershop\" \/>\n<meta property=\"article:modified_time\" content=\"2020-08-02T14:53:05+00:00\" \/>\n<meta name=\"twitter:card\" content=\"summary_large_image\" \/>\n<meta name=\"twitter:label1\" content=\"Gesch\u00e4tzte Lesezeit\" \/>\n\t<meta name=\"twitter:data1\" content=\"5\u00a0Minuten\" \/>\n<script type=\"application\/ld+json\" class=\"yoast-schema-graph\">{\"@context\":\"https:\/\/schema.org\",\"@graph\":[{\"@type\":\"Organization\",\"@id\":\"https:\/\/www.wallstyler.eu\/blog\/#organization\",\"name\":\"Franzen Wanddesign\",\"url\":\"https:\/\/www.wallstyler.eu\/blog\/\",\"sameAs\":[\"https:\/\/www.facebook.com\/wallstylershop\",\"https:\/\/www.instagram.com\/wall_styler\/\"],\"logo\":{\"@type\":\"ImageObject\",\"@id\":\"https:\/\/www.wallstyler.eu\/blog\/#logo\",\"inLanguage\":\"de\",\"url\":\"https:\/\/www.wallstyler.eu\/blog\/wp-content\/uploads\/2020\/06\/Logo-Wallstyler-2020-SD.png\",\"contentUrl\":\"https:\/\/www.wallstyler.eu\/blog\/wp-content\/uploads\/2020\/06\/Logo-Wallstyler-2020-SD.png\",\"width\":1400,\"height\":375,\"caption\":\"Franzen Wanddesign\"},\"image\":{\"@id\":\"https:\/\/www.wallstyler.eu\/blog\/#logo\"}},{\"@type\":\"WebSite\",\"@id\":\"https:\/\/www.wallstyler.eu\/blog\/#website\",\"url\":\"https:\/\/www.wallstyler.eu\/blog\/\",\"name\":\"WallStyler Blog\",\"description\":\"Geben Sie Ihrer Wandgestaltung den Besonderen Kick\",\"publisher\":{\"@id\":\"https:\/\/www.wallstyler.eu\/blog\/#organization\"},\"potentialAction\":[{\"@type\":\"SearchAction\",\"target\":{\"@type\":\"EntryPoint\",\"urlTemplate\":\"https:\/\/www.wallstyler.eu\/blog\/?s={search_term_string}\"},\"query-input\":\"required name=search_term_string\"}],\"inLanguage\":\"de\"},{\"@type\":\"WebPage\",\"@id\":\"https:\/\/www.wallstyler.eu\/blog\/wandgestaltung\/#webpage\",\"url\":\"https:\/\/www.wallstyler.eu\/blog\/wandgestaltung\/\",\"name\":\"Wandgestaltung - WallStyler Blog - Informationen zu unseren Pridukten\",\"isPartOf\":{\"@id\":\"https:\/\/www.wallstyler.eu\/blog\/#website\"},\"datePublished\":\"2020-08-02T14:32:42+00:00\",\"dateModified\":\"2020-08-02T14:53:05+00:00\",\"description\":\"Unser Lieferprogramm im Bereich der Wandgestaltung umfasst eine Vielzahl von Produkten, wie Holzpaneelen, Kunststeinpaneelen,Moosbilder und Moosw\u00e4nde\",\"breadcrumb\":{\"@id\":\"https:\/\/www.wallstyler.eu\/blog\/wandgestaltung\/#breadcrumb\"},\"inLanguage\":\"de\",\"potentialAction\":[{\"@type\":\"ReadAction\",\"target\":[\"https:\/\/www.wallstyler.eu\/blog\/wandgestaltung\/\"]}]},{\"@type\":\"BreadcrumbList\",\"@id\":\"https:\/\/www.wallstyler.eu\/blog\/wandgestaltung\/#breadcrumb\",\"itemListElement\":[{\"@type\":\"ListItem\",\"position\":1,\"name\":\"Startseite\",\"item\":\"https:\/\/www.wallstyler.eu\/blog\/\"},{\"@type\":\"ListItem\",\"position\":2,\"name\":\"Wandgestaltung\"}]}]}<\/script>\n<!-- \/ Yoast SEO plugin. -->","yoast_head_json":{"title":"Wandgestaltung - WallStyler Blog - Informationen zu unseren Pridukten","description":"Unser Lieferprogramm im Bereich der Wandgestaltung umfasst eine Vielzahl von Produkten, wie Holzpaneelen, Kunststeinpaneelen,Moosbilder und Moosw\u00e4nde","robots":{"index":"index","follow":"follow","max-snippet":"max-snippet:-1","max-image-preview":"max-image-preview:large","max-video-preview":"max-video-preview:-1"},"canonical":"https:\/\/www.wallstyler.eu\/blog\/wandgestaltung\/","og_locale":"de_DE","og_type":"article","og_title":"Wandgestaltung - WallStyler Blog - Informationen zu unseren Pridukten","og_description":"Unser Lieferprogramm im Bereich der Wandgestaltung umfasst eine Vielzahl von Produkten, wie Holzpaneelen, Kunststeinpaneelen,Moosbilder und Moosw\u00e4nde","og_url":"https:\/\/www.wallstyler.eu\/blog\/wandgestaltung\/","og_site_name":"WallStyler Blog","article_publisher":"https:\/\/www.facebook.com\/wallstylershop","article_modified_time":"2020-08-02T14:53:05+00:00","twitter_card":"summary_large_image","twitter_misc":{"Gesch\u00e4tzte Lesezeit":"5\u00a0Minuten"},"schema":{"@context":"https:\/\/schema.org","@graph":[{"@type":"Organization","@id":"https:\/\/www.wallstyler.eu\/blog\/#organization","name":"Franzen Wanddesign","url":"https:\/\/www.wallstyler.eu\/blog\/","sameAs":["https:\/\/www.facebook.com\/wallstylershop","https:\/\/www.instagram.com\/wall_styler\/"],"logo":{"@type":"ImageObject","@id":"https:\/\/www.wallstyler.eu\/blog\/#logo","inLanguage":"de","url":"https:\/\/www.wallstyler.eu\/blog\/wp-content\/uploads\/2020\/06\/Logo-Wallstyler-2020-SD.png","contentUrl":"https:\/\/www.wallstyler.eu\/blog\/wp-content\/uploads\/2020\/06\/Logo-Wallstyler-2020-SD.png","width":1400,"height":375,"caption":"Franzen Wanddesign"},"image":{"@id":"https:\/\/www.wallstyler.eu\/blog\/#logo"}},{"@type":"WebSite","@id":"https:\/\/www.wallstyler.eu\/blog\/#website","url":"https:\/\/www.wallstyler.eu\/blog\/","name":"WallStyler Blog","description":"Geben Sie Ihrer Wandgestaltung den Besonderen Kick","publisher":{"@id":"https:\/\/www.wallstyler.eu\/blog\/#organization"},"potentialAction":[{"@type":"SearchAction","target":{"@type":"EntryPoint","urlTemplate":"https:\/\/www.wallstyler.eu\/blog\/?s={search_term_string}"},"query-input":"required name=search_term_string"}],"inLanguage":"de"},{"@type":"WebPage","@id":"https:\/\/www.wallstyler.eu\/blog\/wandgestaltung\/#webpage","url":"https:\/\/www.wallstyler.eu\/blog\/wandgestaltung\/","name":"Wandgestaltung - WallStyler Blog - Informationen zu unseren Pridukten","isPartOf":{"@id":"https:\/\/www.wallstyler.eu\/blog\/#website"},"datePublished":"2020-08-02T14:32:42+00:00","dateModified":"2020-08-02T14:53:05+00:00","description":"Unser Lieferprogramm im Bereich der Wandgestaltung umfasst eine Vielzahl von Produkten, wie Holzpaneelen, Kunststeinpaneelen,Moosbilder und Moosw\u00e4nde","breadcrumb":{"@id":"https:\/\/www.wallstyler.eu\/blog\/wandgestaltung\/#breadcrumb"},"inLanguage":"de","potentialAction":[{"@type":"ReadAction","target":["https:\/\/www.wallstyler.eu\/blog\/wandgestaltung\/"]}]},{"@type":"BreadcrumbList","@id":"https:\/\/www.wallstyler.eu\/blog\/wandgestaltung\/#breadcrumb","itemListElement":[{"@type":"ListItem","position":1,"name":"Startseite","item":"https:\/\/www.wallstyler.eu\/blog\/"},{"@type":"ListItem","position":2,"name":"Wandgestaltung"}]}]}},"_links":{"self":[{"href":"https:\/\/www.wallstyler.eu\/blog\/wp-json\/wp\/v2\/pages\/80","targetHints":{"allow":["GET"]}}],"collection":[{"href":"https:\/\/www.wallstyler.eu\/blog\/wp-json\/wp\/v2\/pages"}],"about":[{"href":"https:\/\/www.wallstyler.eu\/blog\/wp-json\/wp\/v2\/types\/page"}],"author":[{"embeddable":true,"href":"https:\/\/www.wallstyler.eu\/blog\/wp-json\/wp\/v2\/users\/1"}],"replies":[{"embeddable":true,"href":"https:\/\/www.wallstyler.eu\/blog\/wp-json\/wp\/v2\/comments?post=80"}],"version-history":[{"count":7,"href":"https:\/\/www.wallstyler.eu\/blog\/wp-json\/wp\/v2\/pages\/80\/revisions"}],"predecessor-version":[{"id":96,"href":"https:\/\/www.wallstyler.eu\/blog\/wp-json\/wp\/v2\/pages\/80\/revisions\/96"}],"wp:attachment":[{"href":"https:\/\/www.wallstyler.eu\/blog\/wp-json\/wp\/v2\/media?parent=80"}],"curies":[{"name":"wp","href":"https:\/\/api.w.org\/{rel}","templated":true}]}}