{"id":705,"date":"2021-05-16T14:11:18","date_gmt":"2021-05-16T12:11:18","guid":{"rendered":"https:\/\/www.wallstyler.eu\/blog\/?page_id=705"},"modified":"2021-05-16T14:11:51","modified_gmt":"2021-05-16T12:11:51","slug":"mooswaende","status":"publish","type":"page","link":"https:\/\/www.wallstyler.eu\/blog\/gruenraumgestaltung\/mooswaende\/","title":{"rendered":"Moosw\u00e4nde"},"content":{"rendered":"\n[et_pb_section fb_built=&#8221;1&#8243; admin_label=&#8221;Header Produkt&#8221; _builder_version=&#8221;4.5.7&#8243; _module_preset=&#8221;default&#8221; custom_padding=&#8221;30px||20px||false|false&#8221; animation_style=&#8221;fade&#8221; animation_duration=&#8221;1500ms&#8221; animation_delay=&#8221;100ms&#8221; hover_enabled=&#8221;0&#8243; sticky_enabled=&#8221;0&#8243;][et_pb_row admin_label=&#8221;\u00dcberschrift&#8221; _builder_version=&#8221;4.5.7&#8243; _module_preset=&#8221;default&#8221; custom_padding=&#8221;5px||5px||false|false&#8221;][et_pb_column type=&#8221;4_4&#8243; _builder_version=&#8221;4.5.7&#8243; _module_preset=&#8221;default&#8221;][et_pb_text _builder_version=&#8221;4.5.7&#8243; _module_preset=&#8221;default&#8221;]<h1 style=\"text-align: center;\">Moosw\u00e4nde &#8211; Vertikale Wandbegr\u00fcnung mit Moospaneelen<\/h1>[\/et_pb_text][\/et_pb_column][\/et_pb_row][et_pb_row column_structure=&#8221;3_5,2_5&#8243; _builder_version=&#8221;4.5.7&#8243; _module_preset=&#8221;default&#8221;][et_pb_column type=&#8221;3_5&#8243; _builder_version=&#8221;4.5.7&#8243; _module_preset=&#8221;default&#8221;][et_pb_text admin_label=&#8221;Text Produkt&#8221; _builder_version=&#8221;4.9.3&#8243; _module_preset=&#8221;default&#8221; hover_enabled=&#8221;0&#8243; sticky_enabled=&#8221;0&#8243;]Die Moosw\u00e4nde sind ein echter Hingucker liegen und voll im Trend als Wandgestaltung. Moosw\u00e4nde haben nicht nur einen positiven Einfluss auf das Raumklima, sondern beeinflussen auch positiv die Akustik des Raumes. Die Moospaneelen mit Islandmoos werden per Hand in Deutschland hergestellt und sind in verschiedenen Farben erh\u00e4ltlich. Das stabilisierte Moos wird auf eine Holztr\u00e4gerplatte geklebt und k\u00f6nnen ganz einfach an die Wand montiert werden.\n\nMoosw\u00e4nde mit Moospaneelen &#8211; Islandmoos &#8211; als Wandgestaltung[\/et_pb_text][et_pb_text _builder_version=&#8221;4.5.7&#8243; _module_preset=&#8221;default&#8221;]<h3>Sie m\u00f6chte die Moospaneelen online kaufen?<\/h3>\n<h3><\/h3>\n<h3>Hier geht es zum Onlineshop: <a href=\"https:\/\/www.wallstyler.eu\/Moench-Nonnen-Ziegel\" target=\"_blank\" rel=\"noopener noreferrer\" title=\"Zum Onlineshop - M\u00f6nch Nonnen Ziegel\">Weiter zum Onlineshop<\/a><\/h3>[\/et_pb_text][\/et_pb_column][et_pb_column type=&#8221;2_5&#8243; _builder_version=&#8221;4.5.7&#8243; _module_preset=&#8221;default&#8221;][et_pb_image src=&#8221;https:\/\/www.wallstyler.eu\/blog\/wp-content\/uploads\/2020\/08\/mooswand-islandmoos-fruehlingsgruen-juwelier-2.jpg&#8221; alt=&#8221;Mooswand &#8211; Islandmoos Fr\u00fchlingsgr\u00fcn &#8211; Juwelier&#8221; title_text=&#8221;Mooswand &#8211; Islandmoos Fr\u00fchlingsgr\u00fcn &#8211; Juwelier&#8221; show_in_lightbox=&#8221;on&#8221; admin_label=&#8221;Bild Produkt&#8221; _builder_version=&#8221;4.9.3&#8243; _module_preset=&#8221;default&#8221; border_radii=&#8221;on|10px|10px|10px|10px&#8221; box_shadow_style=&#8221;preset2&#8243;][\/et_pb_image][\/et_pb_column][\/et_pb_row][\/et_pb_section][et_pb_section fb_built=&#8221;1&#8243; admin_label=&#8221;Produkt Farben&#8221; _builder_version=&#8221;4.5.7&#8243; _module_preset=&#8221;default&#8221; custom_padding=&#8221;20px||20px||false|false&#8221; animation_style=&#8221;slide&#8221; animation_duration=&#8221;1300ms&#8221; animation_delay=&#8221;150ms&#8221;][et_pb_row _builder_version=&#8221;4.5.2&#8243; _module_preset=&#8221;default&#8221; custom_padding=&#8221;||10px||false|false&#8221;][et_pb_column type=&#8221;4_4&#8243; _builder_version=&#8221;4.5.2&#8243; _module_preset=&#8221;default&#8221;][et_pb_text _builder_version=&#8221;4.5.7&#8243; _module_preset=&#8221;default&#8221;]<h2><span style=\"text-decoration: underline;\">\u00dcbersicht Farben<\/span><\/h2>[\/et_pb_text][\/et_pb_column][\/et_pb_row][et_pb_row column_structure=&#8221;1_3,1_3,1_3&#8243; _builder_version=&#8221;4.5.2&#8243; _module_preset=&#8221;default&#8221; custom_padding=&#8221;10px||10px||false|false&#8221;][et_pb_column type=&#8221;1_3&#8243; _builder_version=&#8221;4.5.2&#8243; _module_preset=&#8221;default&#8221;][et_pb_image src=&#8221;https:\/\/www.wallstyler.eu\/blog\/wp-content\/uploads\/2021\/05\/easymoos-islandmoos-fruehlingsgruen-details-1.jpg&#8221; alt=&#8221;Moosw\u00e4nde &#8211; Easymoos Islandmoos &#8211; Fr\u00fchlingsgr\u00fcn&#8221; title_text=&#8221;Moosw\u00e4nde &#8211; Easymoos Islandmoos &#8211; Fr\u00fchlingsgr\u00fcn&#8221; show_in_lightbox=&#8221;on&#8221; align=&#8221;center&#8221; _builder_version=&#8221;4.9.3&#8243; _module_preset=&#8221;default&#8221; border_radii=&#8221;on|10px|10px|10px|10px&#8221; box_shadow_style=&#8221;preset2&#8243;][\/et_pb_image][\/et_pb_column][et_pb_column type=&#8221;1_3&#8243; _builder_version=&#8221;4.5.2&#8243; _module_preset=&#8221;default&#8221;][et_pb_image src=&#8221;https:\/\/www.wallstyler.eu\/blog\/wp-content\/uploads\/2021\/05\/easymoos-islandmoos-mittelgruen-details-1.jpg&#8221; alt=&#8221;Moosw\u00e4nde &#8211; Easymoos Islandmoos &#8211; Mittelgr\u00fcn&#8221; title_text=&#8221;Moosw\u00e4nde &#8211; Easymoos Islandmoos &#8211; Mittelgr\u00fcn&#8221; show_in_lightbox=&#8221;on&#8221; align=&#8221;center&#8221; _builder_version=&#8221;4.9.3&#8243; _module_preset=&#8221;default&#8221; border_radii=&#8221;on|10px|10px|10px|10px&#8221; box_shadow_style=&#8221;preset2&#8243;][\/et_pb_image][\/et_pb_column][et_pb_column type=&#8221;1_3&#8243; _builder_version=&#8221;4.5.2&#8243; _module_preset=&#8221;default&#8221;][et_pb_image src=&#8221;https:\/\/www.wallstyler.eu\/blog\/wp-content\/uploads\/2021\/05\/easymoos-islandmoos-dunkelgruen-details-1.jpg&#8221; alt=&#8221;Moosw\u00e4nde &#8211; Easymoos Islandmoos &#8211; Moosgr\u00fcn&#8221; title_text=&#8221;Moosw\u00e4nde &#8211; Easymoos Islandmoos &#8211; Moosgr\u00fcn&#8221; show_in_lightbox=&#8221;on&#8221; align=&#8221;center&#8221; _builder_version=&#8221;4.9.3&#8243; _module_preset=&#8221;default&#8221; border_radii=&#8221;on|10px|10px|10px|10px&#8221; box_shadow_style=&#8221;preset2&#8243;][\/et_pb_image][\/et_pb_column][\/et_pb_row][et_pb_row column_structure=&#8221;1_3,1_3,1_3&#8243; _builder_version=&#8221;4.5.2&#8243; _module_preset=&#8221;default&#8221; custom_padding=&#8221;10px||10px||false|false&#8221;][et_pb_column type=&#8221;1_3&#8243; _builder_version=&#8221;4.5.2&#8243; _module_preset=&#8221;default&#8221;][et_pb_text _builder_version=&#8221;4.9.3&#8243; _module_preset=&#8221;default&#8221;]<h2 style=\"text-align: center;\"><span class=\"subtitle\">Fr\u00fchlingsgr\u00fcn<\/span><span class=\"subtitle\"><br \/><\/span><\/h2>[\/et_pb_text][\/et_pb_column][et_pb_column type=&#8221;1_3&#8243; _builder_version=&#8221;4.5.2&#8243; _module_preset=&#8221;default&#8221;][et_pb_text _builder_version=&#8221;4.9.3&#8243; _module_preset=&#8221;default&#8221;]<h2 style=\"text-align: center;\"><span class=\"subtitle\">Mittelgr\u00fcn<br \/><\/span><\/h2>[\/et_pb_text][\/et_pb_column][et_pb_column type=&#8221;1_3&#8243; _builder_version=&#8221;4.5.2&#8243; _module_preset=&#8221;default&#8221;][et_pb_text _builder_version=&#8221;4.9.3&#8243; _module_preset=&#8221;default&#8221;]<h2 style=\"text-align: center;\"><span class=\"subtitle\">Moosgr\u00fcn<\/span><\/h2>[\/et_pb_text][\/et_pb_column][\/et_pb_row][et_pb_row column_structure=&#8221;1_2,1_2&#8243; _builder_version=&#8221;4.9.3&#8243; _module_preset=&#8221;default&#8221;][et_pb_column type=&#8221;1_2&#8243; _builder_version=&#8221;4.9.3&#8243; _module_preset=&#8221;default&#8221;][et_pb_text _builder_version=&#8221;4.9.3&#8243; _module_preset=&#8221;default&#8221;]<h2><em><u>Technische Daten:<\/u><\/em><\/h2>\n<table style=\"width: 428px;\" border=\"0\">\n<tbody>\n<tr style=\"height: 24px;\">\n<td style=\"height: 24px; width: 164px;\">Moosart:<\/td>\n<td style=\"height: 24px; width: 247px;\">Islandmoos<\/td>\n<\/tr>\n<tr style=\"height: 24px;\">\n<td style=\"height: 24px; width: 164px;\">Farben:<\/td>\n<td style=\"height: 24px; width: 247px;\">Fr\u00fchlingsgr\u00fcn \/ Mittelgr\u00fcn \/ Moosgr\u00fcn<\/td>\n<\/tr>\n<tr style=\"height: 24px;\">\n<td style=\"height: 24px; width: 164px;\">Tr\u00e4gerplatte:<\/td>\n<td style=\"height: 24px; width: 247px;\">3 mm Holztr\u00e4gerplatte<\/td>\n<\/tr>\n<tr style=\"height: 24px;\">\n<td style=\"height: 24px; width: 164px;\">Kleber:<\/td>\n<td style=\"height: 24px; width: 247px;\">PU-Kleber<\/td>\n<\/tr>\n<tr style=\"height: 24px;\">\n<td style=\"height: 24px; width: 164px;\"><\/td>\n<td style=\"height: 24px; width: 247px;\"><\/td>\n<\/tr>\n<tr style=\"height: 24px;\">\n<td style=\"height: 24px; width: 164px;\">Paneelgr\u00f6\u00dfe:<\/td>\n<td style=\"height: 24px; width: 247px;\">B 38 x H 58 cm = 0,22 qm<\/td>\n<\/tr>\n<tr style=\"height: 24px;\">\n<td style=\"height: 24px; width: 164px;\">H\u00f6he:<\/td>\n<td style=\"height: 24px; width: 247px;\">ca.\u00a04\u00a0&#8211; 5 cm<\/td>\n<\/tr>\n<tr style=\"height: 24px;\">\n<td style=\"height: 24px; width: 164px;\">\u00a0Kartoninhalt:<\/td>\n<td style=\"height: 24px; width: 247px;\">\u00a02 Paneelen a 0,22 qm = 0,44 qm<\/td>\n<\/tr>\n<tr style=\"height: 24px;\">\n<td style=\"height: 24px; width: 164px;\"><\/td>\n<td style=\"height: 24px; width: 247px;\"><\/td>\n<\/tr>\n<tr style=\"height: 24px;\">\n<td style=\"height: 24px; width: 164px;\">Mindestbestellmenge:<\/td>\n<td style=\"height: 24px; width: 247px;\">1 Karton<\/td>\n<\/tr>\n<tr style=\"height: 24px;\">\n<td style=\"height: 24px; width: 164px;\">Gewicht:<\/td>\n<td style=\"height: 24px; width: 247px;\">7,70 kg pro Karton<\/td>\n<\/tr>\n<\/tbody>\n<\/table>[\/et_pb_text][\/et_pb_column][et_pb_column type=&#8221;1_2&#8243; _builder_version=&#8221;4.9.3&#8243; _module_preset=&#8221;default&#8221;][et_pb_image src=&#8221;https:\/\/www.wallstyler.eu\/blog\/wp-content\/uploads\/2021\/05\/easymoos-islandmoos-fruehlingsgruen-2.jpg&#8221; alt=&#8221;Mooswand &#8211; Islandmoos Fr\u00fchlingsgr\u00fcn &#8211; Juwelier&#8221; title_text=&#8221;Easymoos Islandmoos Fruehlingsgruen 2&#8243; show_in_lightbox=&#8221;on&#8221; admin_label=&#8221;Bild Produkt&#8221; _builder_version=&#8221;4.9.3&#8243; _module_preset=&#8221;default&#8221; border_radii=&#8221;on|10px|10px|10px|10px&#8221; box_shadow_style=&#8221;preset2&#8243;][\/et_pb_image][\/et_pb_column][\/et_pb_row][et_pb_row _builder_version=&#8221;4.9.3&#8243; _module_preset=&#8221;default&#8221;][et_pb_column type=&#8221;4_4&#8243; _builder_version=&#8221;4.9.3&#8243; _module_preset=&#8221;default&#8221;][et_pb_text _builder_version=&#8221;4.9.3&#8243; _module_preset=&#8221;default&#8221;]<p><strong>Keine Pflege<br \/><\/strong>Die Moospaneelen bed\u00fcrfen keiner Pflege. Durch die Konservierung \/ Stabilisierung bleibt das Rentiermoos dauerhaft best\u00e4ndig. Nur gelegentlich die Wandbilder \/ Moosw\u00e4nde ganz einfach mit einem weichen Staubwedel vom Zimmerstaub befreien.<\/p>\n<p><strong>Keine Folgekosten<br \/><\/strong>Durch die besondere Behandlung des Naturmooses entstehen keinerlei Folgekosten durch D\u00fcngung oder Bew\u00e4sserung. Die Moosbilder ben\u00f6tigen weder Wasser, D\u00fcnger und auch kein Licht.<\/p>\n<p><strong>Verbesserung der Raumakustik<br \/><\/strong>Durch den ca. 4 cm dicken Aufbau und der Struktur des Islandmooses wird der Schall absorbiert und die Schallreflexion verringert.<\/p>\n<p><strong>Hinweis<\/strong><br \/>Die Moosw\u00e4nde \/ Moosbilder sollten nicht einer direkten Sonnenbestrahlung aussetzt sein, da ansonsten das Islandmoos austrocknen kann. Des weiteren sollte die optimale Raumluftfeuchtigkeit zwischen 40 und 60 % liegen, um das Moos vor dem Austrocknen zu sch\u00fctzen.<br \/>Bei den Moosarten handelt es sich um nat\u00fcrlich gewachsene Materialien, so dass es Farbabweichungen zu den gezeigten Fotos kommen kann. Au\u00dferdem durch unterschiedliche Lichtbedingungen bei der Aufnahme der einzelnen Fotos, k\u00f6nnen die Farben verschieden erscheinen.<\/p>[\/et_pb_text][\/et_pb_column][\/et_pb_row][\/et_pb_section][et_pb_section fb_built=&#8221;1&#8243; _builder_version=&#8221;4.9.3&#8243; _module_preset=&#8221;default&#8221;][et_pb_row _builder_version=&#8221;4.9.3&#8243; _module_preset=&#8221;default&#8221;][et_pb_column type=&#8221;4_4&#8243; _builder_version=&#8221;4.9.3&#8243; _module_preset=&#8221;default&#8221;][et_pb_text _builder_version=&#8221;4.9.3&#8243; _module_preset=&#8221;default&#8221;]<h3><span style=\"text-decoration: underline;\">Anwendungsbeispiele<\/span><\/h3>[\/et_pb_text][et_pb_gallery gallery_ids=&#8221;414,413,391,390,372,371,359,357&#8243; gallery_orderby=&#8221;rand&#8221; posts_number=&#8221;12&#8243; show_title_and_caption=&#8221;off&#8221; _builder_version=&#8221;4.9.3&#8243; _module_preset=&#8221;default&#8221;][\/et_pb_gallery][\/et_pb_column][\/et_pb_row][\/et_pb_section][et_pb_section fb_built=&#8221;1&#8243; _builder_version=&#8221;4.5.7&#8243; background_color=&#8221;#aa1111&#8243; animation_style=&#8221;zoom&#8221;][et_pb_row column_structure=&#8221;1_2,1_4,1_4&#8243; make_equal=&#8221;on&#8221; _builder_version=&#8221;4.4.8&#8243; width=&#8221;100%&#8221; max_width=&#8221;1532px&#8221; module_alignment=&#8221;center&#8221;][et_pb_column type=&#8221;1_2&#8243; _builder_version=&#8221;4.4.8&#8243;][et_pb_text _builder_version=&#8221;4.4.8&#8243; header_font_size=&#8221;35px&#8221; header_letter_spacing=&#8221;1px&#8221; header_line_height=&#8221;1.2em&#8221; width=&#8221;100%&#8221;]<h1><span style=\"color: #ffffff;\">Unsere Produkte gefallen Ihnen?<\/span><\/h1>\n<p><span style=\"color: #ffffff;\">Fordern Sie ganz einfach ein Angebot an oder bestellen Sie einfach online<\/span><\/p>[\/et_pb_text][\/et_pb_column][et_pb_column type=&#8221;1_4&#8243; _builder_version=&#8221;4.4.8&#8243;][et_pb_button button_url=&#8221;@ET-DC@eyJkeW5hbWljIjp0cnVlLCJjb250ZW50IjoicG9zdF9saW5rX3VybF9wYWdlIiwic2V0dGluZ3MiOnsicG9zdF9pZCI6IjcxIn19@&#8221; button_text=&#8221;Zum Kontaktformular&#8221; button_alignment=&#8221;left&#8221; admin_label=&#8221;Button Kontakt&#8221; _builder_version=&#8221;4.5.7&#8243; _dynamic_attributes=&#8221;button_url&#8221; custom_button=&#8221;on&#8221; button_text_size=&#8221;20px&#8221; button_text_color=&#8221;#ffffff&#8221; button_bg_color=&#8221;rgba(224,153,0,0.81)&#8221; button_border_width=&#8221;2px&#8221; button_border_color=&#8221;#ffffff&#8221; button_border_radius=&#8221;10px&#8221; button_letter_spacing=&#8221;2px&#8221; button_font=&#8221;|600|||||||&#8221; background_layout=&#8221;dark&#8221; button_text_shadow_style=&#8221;preset5&#8243; button_text_shadow_color=&#8221;#000000&#8243; box_shadow_style=&#8221;preset2&#8243;][\/et_pb_button][\/et_pb_column][et_pb_column type=&#8221;1_4&#8243; _builder_version=&#8221;4.4.8&#8243;][et_pb_button button_url=&#8221;https:\/\/www.wallstyler.eu\/Moospaneelen&#8221; button_text=&#8221;Zum Online-Shop&#8221; button_alignment=&#8221;left&#8221; admin_label=&#8221;Button Kontakt&#8221; _builder_version=&#8221;4.9.3&#8243; custom_button=&#8221;on&#8221; button_text_size=&#8221;20px&#8221; button_text_color=&#8221;#ffffff&#8221; button_bg_color=&#8221;rgba(224,153,0,0.81)&#8221; button_border_width=&#8221;2px&#8221; button_border_color=&#8221;#ffffff&#8221; button_border_radius=&#8221;10px&#8221; button_letter_spacing=&#8221;2px&#8221; button_font=&#8221;|600|||||||&#8221; background_layout=&#8221;dark&#8221; button_text_shadow_style=&#8221;preset5&#8243; button_text_shadow_color=&#8221;#000000&#8243; box_shadow_style=&#8221;preset2&#8243;][\/et_pb_button][\/et_pb_column][\/et_pb_row][\/et_pb_section]\n","protected":false},"excerpt":{"rendered":"<p>Moosw\u00e4nde &#8211; Vertikale Wandbegr\u00fcnung mit MoospaneelenDie Moosw\u00e4nde sind ein echter Hingucker liegen und voll im Trend als Wandgestaltung. Moosw\u00e4nde haben nicht nur einen positiven Einfluss auf das Raumklima, sondern beeinflussen auch positiv die Akustik des Raumes. Die Moospaneelen mit Islandmoos werden per Hand in Deutschland hergestellt und sind in verschiedenen Farben erh\u00e4ltlich. Das stabilisierte Moos [&hellip;]<\/p>\n","protected":false},"author":1,"featured_media":354,"parent":205,"menu_order":2,"comment_status":"closed","ping_status":"closed","template":"","meta":{"_et_pb_use_builder":"on","_et_pb_old_content":"","_et_gb_content_width":"","footnotes":""},"class_list":["post-705","page","type-page","status-publish","has-post-thumbnail","hentry"],"yoast_head":"<!-- This site is optimized with the Yoast SEO plugin v18.5.1 - https:\/\/yoast.com\/wordpress\/plugins\/seo\/ -->\n<title>Moosw\u00e4nde - Vertikale Wandbegr\u00fcnung mit Moospaneelen<\/title>\n<meta name=\"description\" content=\"Mit den Moospaneelen einfach Moosw\u00e4nde erstellen. Erh\u00e4ltlich in unterschiedlichen Farben. Moosw\u00e4nde als kreative Wandgestaltung\" \/>\n<meta name=\"robots\" content=\"index, follow, max-snippet:-1, max-image-preview:large, max-video-preview:-1\" \/>\n<link rel=\"canonical\" href=\"https:\/\/www.wallstyler.eu\/blog\/gruenraumgestaltung\/mooswaende\/\" \/>\n<meta property=\"og:locale\" content=\"de_DE\" \/>\n<meta property=\"og:type\" content=\"article\" \/>\n<meta property=\"og:title\" content=\"Moosw\u00e4nde - Vertikale Wandbegr\u00fcnung mit Moospaneelen\" \/>\n<meta property=\"og:description\" content=\"Mit den Moospaneelen einfach Moosw\u00e4nde erstellen. Erh\u00e4ltlich in unterschiedlichen Farben. Moosw\u00e4nde als kreative Wandgestaltung\" \/>\n<meta property=\"og:url\" content=\"https:\/\/www.wallstyler.eu\/blog\/gruenraumgestaltung\/mooswaende\/\" \/>\n<meta property=\"og:site_name\" content=\"WallStyler Blog\" \/>\n<meta property=\"article:publisher\" content=\"https:\/\/www.facebook.com\/wallstylershop\" \/>\n<meta property=\"article:modified_time\" content=\"2021-05-16T12:11:51+00:00\" \/>\n<meta property=\"og:image\" content=\"https:\/\/www.wallstyler.eu\/blog\/wp-content\/uploads\/2020\/08\/mooswand-islandmoos-fruehlingsgruen-juwelier-1.jpg\" \/>\n\t<meta property=\"og:image:width\" content=\"2048\" \/>\n\t<meta property=\"og:image:height\" content=\"1367\" \/>\n\t<meta property=\"og:image:type\" content=\"image\/jpeg\" \/>\n<meta name=\"twitter:card\" content=\"summary_large_image\" \/>\n<meta name=\"twitter:label1\" content=\"Gesch\u00e4tzte Lesezeit\" \/>\n\t<meta name=\"twitter:data1\" content=\"3\u00a0Minuten\" \/>\n<script type=\"application\/ld+json\" class=\"yoast-schema-graph\">{\"@context\":\"https:\/\/schema.org\",\"@graph\":[{\"@type\":\"Organization\",\"@id\":\"https:\/\/www.wallstyler.eu\/blog\/#organization\",\"name\":\"Franzen Wanddesign\",\"url\":\"https:\/\/www.wallstyler.eu\/blog\/\",\"sameAs\":[\"https:\/\/www.facebook.com\/wallstylershop\",\"https:\/\/www.instagram.com\/wall_styler\/\"],\"logo\":{\"@type\":\"ImageObject\",\"@id\":\"https:\/\/www.wallstyler.eu\/blog\/#logo\",\"inLanguage\":\"de\",\"url\":\"https:\/\/www.wallstyler.eu\/blog\/wp-content\/uploads\/2020\/06\/Logo-Wallstyler-2020-SD.png\",\"contentUrl\":\"https:\/\/www.wallstyler.eu\/blog\/wp-content\/uploads\/2020\/06\/Logo-Wallstyler-2020-SD.png\",\"width\":1400,\"height\":375,\"caption\":\"Franzen Wanddesign\"},\"image\":{\"@id\":\"https:\/\/www.wallstyler.eu\/blog\/#logo\"}},{\"@type\":\"WebSite\",\"@id\":\"https:\/\/www.wallstyler.eu\/blog\/#website\",\"url\":\"https:\/\/www.wallstyler.eu\/blog\/\",\"name\":\"WallStyler Blog\",\"description\":\"Geben Sie Ihrer Wandgestaltung den Besonderen Kick\",\"publisher\":{\"@id\":\"https:\/\/www.wallstyler.eu\/blog\/#organization\"},\"potentialAction\":[{\"@type\":\"SearchAction\",\"target\":{\"@type\":\"EntryPoint\",\"urlTemplate\":\"https:\/\/www.wallstyler.eu\/blog\/?s={search_term_string}\"},\"query-input\":\"required name=search_term_string\"}],\"inLanguage\":\"de\"},{\"@type\":\"ImageObject\",\"@id\":\"https:\/\/www.wallstyler.eu\/blog\/gruenraumgestaltung\/mooswaende\/#primaryimage\",\"inLanguage\":\"de\",\"url\":\"https:\/\/www.wallstyler.eu\/blog\/wp-content\/uploads\/2020\/08\/mooswand-islandmoos-fruehlingsgruen-juwelier-1.jpg\",\"contentUrl\":\"https:\/\/www.wallstyler.eu\/blog\/wp-content\/uploads\/2020\/08\/mooswand-islandmoos-fruehlingsgruen-juwelier-1.jpg\",\"width\":2048,\"height\":1367,\"caption\":\"Wandgestaltung mit Islandmoos - Fr\u00fchlingsgr\u00fcn beim Juwelier\"},{\"@type\":\"WebPage\",\"@id\":\"https:\/\/www.wallstyler.eu\/blog\/gruenraumgestaltung\/mooswaende\/#webpage\",\"url\":\"https:\/\/www.wallstyler.eu\/blog\/gruenraumgestaltung\/mooswaende\/\",\"name\":\"Moosw\u00e4nde - Vertikale Wandbegr\u00fcnung mit Moospaneelen\",\"isPartOf\":{\"@id\":\"https:\/\/www.wallstyler.eu\/blog\/#website\"},\"primaryImageOfPage\":{\"@id\":\"https:\/\/www.wallstyler.eu\/blog\/gruenraumgestaltung\/mooswaende\/#primaryimage\"},\"datePublished\":\"2021-05-16T12:11:18+00:00\",\"dateModified\":\"2021-05-16T12:11:51+00:00\",\"description\":\"Mit den Moospaneelen einfach Moosw\u00e4nde erstellen. Erh\u00e4ltlich in unterschiedlichen Farben. Moosw\u00e4nde als kreative Wandgestaltung\",\"breadcrumb\":{\"@id\":\"https:\/\/www.wallstyler.eu\/blog\/gruenraumgestaltung\/mooswaende\/#breadcrumb\"},\"inLanguage\":\"de\",\"potentialAction\":[{\"@type\":\"ReadAction\",\"target\":[\"https:\/\/www.wallstyler.eu\/blog\/gruenraumgestaltung\/mooswaende\/\"]}]},{\"@type\":\"BreadcrumbList\",\"@id\":\"https:\/\/www.wallstyler.eu\/blog\/gruenraumgestaltung\/mooswaende\/#breadcrumb\",\"itemListElement\":[{\"@type\":\"ListItem\",\"position\":1,\"name\":\"Startseite\",\"item\":\"https:\/\/www.wallstyler.eu\/blog\/\"},{\"@type\":\"ListItem\",\"position\":2,\"name\":\"Gr\u00fcnraumgestaltung\",\"item\":\"https:\/\/www.wallstyler.eu\/blog\/gruenraumgestaltung\/\"},{\"@type\":\"ListItem\",\"position\":3,\"name\":\"Moosw\u00e4nde\"}]}]}<\/script>\n<!-- \/ Yoast SEO plugin. -->","yoast_head_json":{"title":"Moosw\u00e4nde - Vertikale Wandbegr\u00fcnung mit Moospaneelen","description":"Mit den Moospaneelen einfach Moosw\u00e4nde erstellen. Erh\u00e4ltlich in unterschiedlichen Farben. Moosw\u00e4nde als kreative Wandgestaltung","robots":{"index":"index","follow":"follow","max-snippet":"max-snippet:-1","max-image-preview":"max-image-preview:large","max-video-preview":"max-video-preview:-1"},"canonical":"https:\/\/www.wallstyler.eu\/blog\/gruenraumgestaltung\/mooswaende\/","og_locale":"de_DE","og_type":"article","og_title":"Moosw\u00e4nde - Vertikale Wandbegr\u00fcnung mit Moospaneelen","og_description":"Mit den Moospaneelen einfach Moosw\u00e4nde erstellen. Erh\u00e4ltlich in unterschiedlichen Farben. Moosw\u00e4nde als kreative Wandgestaltung","og_url":"https:\/\/www.wallstyler.eu\/blog\/gruenraumgestaltung\/mooswaende\/","og_site_name":"WallStyler Blog","article_publisher":"https:\/\/www.facebook.com\/wallstylershop","article_modified_time":"2021-05-16T12:11:51+00:00","og_image":[{"width":2048,"height":1367,"url":"https:\/\/www.wallstyler.eu\/blog\/wp-content\/uploads\/2020\/08\/mooswand-islandmoos-fruehlingsgruen-juwelier-1.jpg","type":"image\/jpeg"}],"twitter_card":"summary_large_image","twitter_misc":{"Gesch\u00e4tzte Lesezeit":"3\u00a0Minuten"},"schema":{"@context":"https:\/\/schema.org","@graph":[{"@type":"Organization","@id":"https:\/\/www.wallstyler.eu\/blog\/#organization","name":"Franzen Wanddesign","url":"https:\/\/www.wallstyler.eu\/blog\/","sameAs":["https:\/\/www.facebook.com\/wallstylershop","https:\/\/www.instagram.com\/wall_styler\/"],"logo":{"@type":"ImageObject","@id":"https:\/\/www.wallstyler.eu\/blog\/#logo","inLanguage":"de","url":"https:\/\/www.wallstyler.eu\/blog\/wp-content\/uploads\/2020\/06\/Logo-Wallstyler-2020-SD.png","contentUrl":"https:\/\/www.wallstyler.eu\/blog\/wp-content\/uploads\/2020\/06\/Logo-Wallstyler-2020-SD.png","width":1400,"height":375,"caption":"Franzen Wanddesign"},"image":{"@id":"https:\/\/www.wallstyler.eu\/blog\/#logo"}},{"@type":"WebSite","@id":"https:\/\/www.wallstyler.eu\/blog\/#website","url":"https:\/\/www.wallstyler.eu\/blog\/","name":"WallStyler Blog","description":"Geben Sie Ihrer Wandgestaltung den Besonderen Kick","publisher":{"@id":"https:\/\/www.wallstyler.eu\/blog\/#organization"},"potentialAction":[{"@type":"SearchAction","target":{"@type":"EntryPoint","urlTemplate":"https:\/\/www.wallstyler.eu\/blog\/?s={search_term_string}"},"query-input":"required name=search_term_string"}],"inLanguage":"de"},{"@type":"ImageObject","@id":"https:\/\/www.wallstyler.eu\/blog\/gruenraumgestaltung\/mooswaende\/#primaryimage","inLanguage":"de","url":"https:\/\/www.wallstyler.eu\/blog\/wp-content\/uploads\/2020\/08\/mooswand-islandmoos-fruehlingsgruen-juwelier-1.jpg","contentUrl":"https:\/\/www.wallstyler.eu\/blog\/wp-content\/uploads\/2020\/08\/mooswand-islandmoos-fruehlingsgruen-juwelier-1.jpg","width":2048,"height":1367,"caption":"Wandgestaltung mit Islandmoos - Fr\u00fchlingsgr\u00fcn beim Juwelier"},{"@type":"WebPage","@id":"https:\/\/www.wallstyler.eu\/blog\/gruenraumgestaltung\/mooswaende\/#webpage","url":"https:\/\/www.wallstyler.eu\/blog\/gruenraumgestaltung\/mooswaende\/","name":"Moosw\u00e4nde - Vertikale Wandbegr\u00fcnung mit Moospaneelen","isPartOf":{"@id":"https:\/\/www.wallstyler.eu\/blog\/#website"},"primaryImageOfPage":{"@id":"https:\/\/www.wallstyler.eu\/blog\/gruenraumgestaltung\/mooswaende\/#primaryimage"},"datePublished":"2021-05-16T12:11:18+00:00","dateModified":"2021-05-16T12:11:51+00:00","description":"Mit den Moospaneelen einfach Moosw\u00e4nde erstellen. Erh\u00e4ltlich in unterschiedlichen Farben. Moosw\u00e4nde als kreative Wandgestaltung","breadcrumb":{"@id":"https:\/\/www.wallstyler.eu\/blog\/gruenraumgestaltung\/mooswaende\/#breadcrumb"},"inLanguage":"de","potentialAction":[{"@type":"ReadAction","target":["https:\/\/www.wallstyler.eu\/blog\/gruenraumgestaltung\/mooswaende\/"]}]},{"@type":"BreadcrumbList","@id":"https:\/\/www.wallstyler.eu\/blog\/gruenraumgestaltung\/mooswaende\/#breadcrumb","itemListElement":[{"@type":"ListItem","position":1,"name":"Startseite","item":"https:\/\/www.wallstyler.eu\/blog\/"},{"@type":"ListItem","position":2,"name":"Gr\u00fcnraumgestaltung","item":"https:\/\/www.wallstyler.eu\/blog\/gruenraumgestaltung\/"},{"@type":"ListItem","position":3,"name":"Moosw\u00e4nde"}]}]}},"_links":{"self":[{"href":"https:\/\/www.wallstyler.eu\/blog\/wp-json\/wp\/v2\/pages\/705","targetHints":{"allow":["GET"]}}],"collection":[{"href":"https:\/\/www.wallstyler.eu\/blog\/wp-json\/wp\/v2\/pages"}],"about":[{"href":"https:\/\/www.wallstyler.eu\/blog\/wp-json\/wp\/v2\/types\/page"}],"author":[{"embeddable":true,"href":"https:\/\/www.wallstyler.eu\/blog\/wp-json\/wp\/v2\/users\/1"}],"replies":[{"embeddable":true,"href":"https:\/\/www.wallstyler.eu\/blog\/wp-json\/wp\/v2\/comments?post=705"}],"version-history":[{"count":7,"href":"https:\/\/www.wallstyler.eu\/blog\/wp-json\/wp\/v2\/pages\/705\/revisions"}],"predecessor-version":[{"id":721,"href":"https:\/\/www.wallstyler.eu\/blog\/wp-json\/wp\/v2\/pages\/705\/revisions\/721"}],"up":[{"embeddable":true,"href":"https:\/\/www.wallstyler.eu\/blog\/wp-json\/wp\/v2\/pages\/205"}],"wp:featuredmedia":[{"embeddable":true,"href":"https:\/\/www.wallstyler.eu\/blog\/wp-json\/wp\/v2\/media\/354"}],"wp:attachment":[{"href":"https:\/\/www.wallstyler.eu\/blog\/wp-json\/wp\/v2\/media?parent=705"}],"curies":[{"name":"wp","href":"https:\/\/api.w.org\/{rel}","templated":true}]}}