{"id":32,"date":"2020-07-31T18:54:39","date_gmt":"2020-07-31T16:54:39","guid":{"rendered":"https:\/\/www.wallstyler.eu\/blog\/?page_id=32"},"modified":"2020-08-16T14:40:57","modified_gmt":"2020-08-16T12:40:57","slug":"startseite","status":"publish","type":"page","link":"https:\/\/www.wallstyler.eu\/blog\/","title":{"rendered":"Startseite"},"content":{"rendered":"<p>[et_pb_section fb_built=&#8221;1&#8243; fullwidth=&#8221;on&#8221; _builder_version=&#8221;4.4.8&#8243;][et_pb_nextend_smart_slider_3_fullwidth _builder_version=&#8221;4.4.8&#8243;][\/et_pb_nextend_smart_slider_3_fullwidth][\/et_pb_section][et_pb_section fb_built=&#8221;1&#8243; _builder_version=&#8221;4.4.9&#8243; custom_padding=&#8221;||10px||false|false&#8221;][et_pb_row _builder_version=&#8221;4.4.8&#8243;][et_pb_column type=&#8221;4_4&#8243; _builder_version=&#8221;4.4.8&#8243;][et_pb_text _builder_version=&#8221;4.4.9&#8243;]<\/p>\n<h1 style=\"text-align: center;\">WallStyler &#8211; Blog &#8211; Verleihen Sie Ihrer Wand einen besonderen Kick!<\/h1>\n<p>&nbsp;<\/p>\n<p>Sie suchen f\u00fcr Ihr Zuhause eine Wandverkleidung in Steinoptik oder Produkte f\u00fcr eine kreative Wandgestaltung. Wir bieten eine gro\u00dfe Auswahl an Wandpaneelen und Verblendsteinen aus Kunststein in den unterschiedlichsten Farben und Formen. Mit den Kunststeinpaneelen k\u00f6nnen Sie mit wenigen Schritten Ihre W\u00e4nde in z. B. Bruchstein oder Ziegeloptik gestalten. Holzw\u00e4nde als Wandgestaltung liegen auch wieder voll im Trend. Unter der Rubrik Holzverkleidung finden Sie Infos zu unseren Holzpaneelen aus europ\u00e4ischen H\u00f6lzern sowie unseren Mosaik Fliesen aus der Kokosnu\u00df.<\/p>\n<p>Ein Highlight sind unsere Moosw\u00e4nde und Moosbilder. Wir produzieren die Bilder und Wandpaneelen von Hand hier in Deutschland. Zur Auswahl stehen verschiedene Gr\u00f6\u00dfen, Rahmen und Moosarten in den unterschiedlichsten Farben. Au\u00dferdem bieten wir zu den Wanddekorationen Produkte f\u00fcr eine mediterrane Gartengestaltung an. Sei es M\u00f6nch und Nonnen Ziegel als Mauerabdeckung oder Kunststein Verblendriemchen als Fassadenverkleidung der Gartenmauer.<\/p>\n<p>Nicht nur f\u00fcr Fachfirmen aus Ladenbau, Hotelbau oder Messebau, sondern auch ideal f\u00fcr die Wandgestaltung im Privatbereich z. B. im Wohnzimmer oder Schlafzimmer.<\/p>\n<p>Lassen Sie sich von unserem Lieferprogramm inspirieren und verzaubern! In unserem Blog finden Sie neue Fotos und Informationen zu Projekten, Produkte und Angebote.<\/p>\n<p>[\/et_pb_text][\/et_pb_column][\/et_pb_row][\/et_pb_section][et_pb_section fb_built=&#8221;1&#8243; _builder_version=&#8221;4.4.9&#8243; custom_padding=&#8221;10px||10px||false|false&#8221;][et_pb_row _builder_version=&#8221;4.4.9&#8243; custom_margin=&#8221;||10px||false|false&#8221; custom_padding=&#8221;||0px|||&#8221;][et_pb_column type=&#8221;4_4&#8243; _builder_version=&#8221;4.4.9&#8243;][et_pb_text _builder_version=&#8221;4.4.9&#8243;]<\/p>\n<h2><span style=\"text-decoration: underline;\">Kategorien im \u00dcberblick<\/span><\/h2>\n<p>[\/et_pb_text][\/et_pb_column][\/et_pb_row][et_pb_row column_structure=&#8221;1_3,1_3,1_3&#8243; _builder_version=&#8221;4.4.9&#8243; custom_padding=&#8221;10px|||||&#8221;][et_pb_column type=&#8221;1_3&#8243; _builder_version=&#8221;4.4.8&#8243;][et_pb_image src=&#8221;https:\/\/www.wallstyler.eu\/blog\/wp-content\/uploads\/2020\/07\/kategorie-holzverkleidungen.jpg&#8221; title_text=&#8221;Kategorie Holzverkleidungen&#8221; _builder_version=&#8221;4.5.2&#8243; hover_enabled=&#8221;0&#8243; url=&#8221;@ET-DC@eyJkeW5hbWljIjp0cnVlLCJjb250ZW50IjoicG9zdF9saW5rX3VybF9wYWdlIiwic2V0dGluZ3MiOnsicG9zdF9pZCI6Ijk3In19@&#8221; _dynamic_attributes=&#8221;url&#8221;][\/et_pb_image][\/et_pb_column][et_pb_column type=&#8221;1_3&#8243; _builder_version=&#8221;4.4.8&#8243;][et_pb_image src=&#8221;https:\/\/www.wallstyler.eu\/blog\/wp-content\/uploads\/2020\/07\/katergorie-gartengestaltung.jpg&#8221; title_text=&#8221;Katergorie Gartengestaltung&#8221; _builder_version=&#8221;4.5.2&#8243; hover_enabled=&#8221;0&#8243; url=&#8221;@ET-DC@eyJkeW5hbWljIjp0cnVlLCJjb250ZW50IjoicG9zdF9saW5rX3VybF9wYWdlIiwic2V0dGluZ3MiOnsicG9zdF9pZCI6IjE1OCJ9fQ==@&#8221; _dynamic_attributes=&#8221;url&#8221;][\/et_pb_image][\/et_pb_column][et_pb_column type=&#8221;1_3&#8243; _builder_version=&#8221;4.4.8&#8243;][et_pb_image src=&#8221;https:\/\/www.wallstyler.eu\/blog\/wp-content\/uploads\/2020\/07\/katergorie-gruenraumgestaltung.jpg&#8221; alt=&#8221;Kategorie &#8211; Gr\u00fcnraumgestaltung&#8221; title_text=&#8221;Kategorie &#8211; Gr\u00fcnraumgestaltung&#8221; _builder_version=&#8221;4.5.2&#8243; hover_enabled=&#8221;0&#8243; url=&#8221;@ET-DC@eyJkeW5hbWljIjp0cnVlLCJjb250ZW50IjoicG9zdF9saW5rX3VybF9wYWdlIiwic2V0dGluZ3MiOnsicG9zdF9pZCI6IjIwNSJ9fQ==@&#8221; _dynamic_attributes=&#8221;url&#8221;][\/et_pb_image][\/et_pb_column][\/et_pb_row][et_pb_row column_structure=&#8221;1_3,1_3,1_3&#8243; _builder_version=&#8221;4.4.8&#8243;][et_pb_column type=&#8221;1_3&#8243; _builder_version=&#8221;4.4.8&#8243;][et_pb_image src=&#8221;https:\/\/www.wallstyler.eu\/blog\/wp-content\/uploads\/2020\/07\/kategorie-kunststeinpaneele.jpg&#8221; alt=&#8221;Kategorie Kunststeinpaneele&#8221; title_text=&#8221;Kategorie Kunststeinpaneele&#8221; _builder_version=&#8221;4.4.9&#8243;][\/et_pb_image][\/et_pb_column][et_pb_column type=&#8221;1_3&#8243; _builder_version=&#8221;4.4.8&#8243;][et_pb_image src=&#8221;https:\/\/www.wallstyler.eu\/blog\/wp-content\/uploads\/2020\/07\/kategorie-verblendsteine.jpg&#8221; alt=&#8221;Kategorie Verblendsteine&#8221; title_text=&#8221;Kategorie Verblendsteine&#8221; _builder_version=&#8221;4.4.9&#8243;][\/et_pb_image][\/et_pb_column][et_pb_column type=&#8221;1_3&#8243; _builder_version=&#8221;4.4.8&#8243;][\/et_pb_column][\/et_pb_row][\/et_pb_section][et_pb_section fb_built=&#8221;1&#8243; _builder_version=&#8221;4.5.2&#8243; _module_preset=&#8221;default&#8221; background_color=&#8221;#d6d6d6&#8243; hover_enabled=&#8221;0&#8243; custom_padding=&#8221;0px||0px||false|false&#8221;][et_pb_row _builder_version=&#8221;4.5.2&#8243; _module_preset=&#8221;default&#8221; hover_enabled=&#8221;0&#8243; max_width=&#8221;1620px&#8221;][et_pb_column type=&#8221;4_4&#8243; _builder_version=&#8221;4.5.2&#8243; _module_preset=&#8221;default&#8221;][et_pb_text _builder_version=&#8221;4.5.2&#8243; _module_preset=&#8221;default&#8221; hover_enabled=&#8221;0&#8243;]<\/p>\n<h2><span style=\"text-decoration: underline;\"><em>Unsere Produkte &#8211; Ihre Projekte<\/em><\/span><\/h2>\n<p>[\/et_pb_text][et_pb_filterable_portfolio fullwidth=&#8221;off&#8221; posts_number=&#8221;8&#8243; show_title=&#8221;off&#8221; show_categories=&#8221;off&#8221; _builder_version=&#8221;4.5.2&#8243; _module_preset=&#8221;default&#8221; background_color=&#8221;#d6d6d6&#8243; text_orientation=&#8221;center&#8221; custom_padding=&#8221;|||0px||&#8221; hover_enabled=&#8221;0&#8243; max_width=&#8221;100%&#8221; width=&#8221;100%&#8221; module_alignment=&#8221;center&#8221;][\/et_pb_filterable_portfolio][\/et_pb_column][\/et_pb_row][\/et_pb_section][et_pb_section fb_built=&#8221;1&#8243; _builder_version=&#8221;4.4.8&#8243; background_color=&#8221;#aa1111&#8243;][et_pb_row column_structure=&#8221;1_2,1_4,1_4&#8243; make_equal=&#8221;on&#8221; _builder_version=&#8221;4.4.8&#8243; width=&#8221;100%&#8221; max_width=&#8221;1532px&#8221; module_alignment=&#8221;center&#8221;][et_pb_column type=&#8221;1_2&#8243; _builder_version=&#8221;4.4.8&#8243;][et_pb_text _builder_version=&#8221;4.4.8&#8243; header_font_size=&#8221;35px&#8221; header_letter_spacing=&#8221;1px&#8221; header_line_height=&#8221;1.2em&#8221; width=&#8221;100%&#8221;]<\/p>\n<h1><span style=\"color: #ffffff;\">Unsere Produkte gefallen Ihnen?<\/span><\/h1>\n<p><span style=\"color: #ffffff;\">Fordern Sie ganz einfach ein Angebot an oder bestellen Sie einfach online<\/span><\/p>\n<p>[\/et_pb_text][\/et_pb_column][et_pb_column type=&#8221;1_4&#8243; _builder_version=&#8221;4.4.8&#8243;][et_pb_button button_text=&#8221;Zum Kontaktformular&#8221; button_alignment=&#8221;left&#8221; admin_label=&#8221;Button Kontakt&#8221; _builder_version=&#8221;4.5.2&#8243; custom_button=&#8221;on&#8221; button_text_size=&#8221;20px&#8221; button_text_color=&#8221;#ffffff&#8221; button_bg_color=&#8221;rgba(224,153,0,0.81)&#8221; button_border_width=&#8221;2px&#8221; button_border_color=&#8221;#ffffff&#8221; button_border_radius=&#8221;10px&#8221; button_letter_spacing=&#8221;2px&#8221; button_font=&#8221;|600|||||||&#8221; background_layout=&#8221;dark&#8221; hover_enabled=&#8221;0&#8243; button_text_shadow_style=&#8221;preset5&#8243; button_text_shadow_color=&#8221;#000000&#8243; box_shadow_style=&#8221;preset2&#8243; button_url=&#8221;@ET-DC@eyJkeW5hbWljIjp0cnVlLCJjb250ZW50IjoicG9zdF9saW5rX3VybF9wYWdlIiwic2V0dGluZ3MiOnsicG9zdF9pZCI6IjcxIn19@&#8221; _dynamic_attributes=&#8221;button_url&#8221;][\/et_pb_button][\/et_pb_column][et_pb_column type=&#8221;1_4&#8243; _builder_version=&#8221;4.4.8&#8243;][et_pb_button button_text=&#8221;Zum Online-Shop&#8221; button_alignment=&#8221;left&#8221; admin_label=&#8221;Button Kontakt&#8221; _builder_version=&#8221;4.5.2&#8243; custom_button=&#8221;on&#8221; button_text_size=&#8221;20px&#8221; button_text_color=&#8221;#ffffff&#8221; button_bg_color=&#8221;rgba(224,153,0,0.81)&#8221; button_border_width=&#8221;2px&#8221; button_border_color=&#8221;#ffffff&#8221; button_border_radius=&#8221;10px&#8221; button_letter_spacing=&#8221;2px&#8221; button_font=&#8221;|600|||||||&#8221; background_layout=&#8221;dark&#8221; hover_enabled=&#8221;0&#8243; button_text_shadow_style=&#8221;preset5&#8243; button_text_shadow_color=&#8221;#000000&#8243; box_shadow_style=&#8221;preset2&#8243; url_new_window=&#8221;on&#8221; button_url=&#8221;https:\/\/www.wallstyler.eu\/&#8221;][\/et_pb_button][\/et_pb_column][\/et_pb_row][\/et_pb_section]<\/p>\n","protected":false},"excerpt":{"rendered":"<p>[et_pb_nextend_smart_slider_3_fullwidth _builder_version=&#8221;4.4.8&#8243;][\/et_pb_nextend_smart_slider_3_fullwidth]WallStyler &#8211; Blog &#8211; Verleihen Sie Ihrer Wand einen besonderen Kick! &nbsp; Sie suchen f\u00fcr Ihr Zuhause eine Wandverkleidung in Steinoptik oder Produkte f\u00fcr eine kreative Wandgestaltung. Wir bieten eine gro\u00dfe Auswahl an Wandpaneelen und Verblendsteinen aus Kunststein in den unterschiedlichsten Farben und Formen. Mit den Kunststeinpaneelen k\u00f6nnen Sie mit wenigen Schritten Ihre W\u00e4nde [&hellip;]<\/p>\n","protected":false},"author":1,"featured_media":0,"parent":0,"menu_order":1,"comment_status":"closed","ping_status":"closed","template":"","meta":{"_et_pb_use_builder":"on","_et_pb_old_content":"","_et_gb_content_width":"","footnotes":""},"class_list":["post-32","page","type-page","status-publish","hentry"],"yoast_head":"<!-- This site is optimized with the Yoast SEO plugin v18.5.1 - https:\/\/yoast.com\/wordpress\/plugins\/seo\/ -->\n<title>Wallstyler Blog - Geben Sie Ihrer Wandgestaltung den Besonderen Kick<\/title>\n<meta name=\"description\" content=\"Informationen zu unseren Produkten, wie Kunststeinpaneelen, Holzpaneelen, Moosbilder, Moosw\u00e4nde und Produkte zur Gartengestaltung\" \/>\n<meta name=\"robots\" content=\"index, follow, max-snippet:-1, max-image-preview:large, max-video-preview:-1\" \/>\n<link rel=\"canonical\" href=\"https:\/\/www.wallstyler.eu\/blog\/\" \/>\n<meta property=\"og:locale\" content=\"de_DE\" \/>\n<meta property=\"og:type\" content=\"article\" \/>\n<meta property=\"og:title\" content=\"Wallstyler Blog - Geben Sie Ihrer Wandgestaltung den Besonderen Kick\" \/>\n<meta property=\"og:description\" content=\"Informationen zu unseren Produkten, wie Kunststeinpaneelen, Holzpaneelen, Moosbilder, Moosw\u00e4nde und Produkte zur Gartengestaltung\" \/>\n<meta property=\"og:url\" content=\"https:\/\/www.wallstyler.eu\/blog\/\" \/>\n<meta property=\"og:site_name\" content=\"WallStyler Blog\" \/>\n<meta property=\"article:publisher\" content=\"https:\/\/www.facebook.com\/wallstylershop\" \/>\n<meta property=\"article:modified_time\" content=\"2020-08-16T12:40:57+00:00\" \/>\n<meta name=\"twitter:card\" content=\"summary_large_image\" \/>\n<meta name=\"twitter:label1\" content=\"Gesch\u00e4tzte Lesezeit\" \/>\n\t<meta name=\"twitter:data1\" content=\"5\u00a0Minuten\" \/>\n<script type=\"application\/ld+json\" class=\"yoast-schema-graph\">{\"@context\":\"https:\/\/schema.org\",\"@graph\":[{\"@type\":\"Organization\",\"@id\":\"https:\/\/www.wallstyler.eu\/blog\/#organization\",\"name\":\"Franzen Wanddesign\",\"url\":\"https:\/\/www.wallstyler.eu\/blog\/\",\"sameAs\":[\"https:\/\/www.facebook.com\/wallstylershop\",\"https:\/\/www.instagram.com\/wall_styler\/\"],\"logo\":{\"@type\":\"ImageObject\",\"@id\":\"https:\/\/www.wallstyler.eu\/blog\/#logo\",\"inLanguage\":\"de\",\"url\":\"https:\/\/www.wallstyler.eu\/blog\/wp-content\/uploads\/2020\/06\/Logo-Wallstyler-2020-SD.png\",\"contentUrl\":\"https:\/\/www.wallstyler.eu\/blog\/wp-content\/uploads\/2020\/06\/Logo-Wallstyler-2020-SD.png\",\"width\":1400,\"height\":375,\"caption\":\"Franzen Wanddesign\"},\"image\":{\"@id\":\"https:\/\/www.wallstyler.eu\/blog\/#logo\"}},{\"@type\":\"WebSite\",\"@id\":\"https:\/\/www.wallstyler.eu\/blog\/#website\",\"url\":\"https:\/\/www.wallstyler.eu\/blog\/\",\"name\":\"WallStyler Blog\",\"description\":\"Geben Sie Ihrer Wandgestaltung den Besonderen Kick\",\"publisher\":{\"@id\":\"https:\/\/www.wallstyler.eu\/blog\/#organization\"},\"potentialAction\":[{\"@type\":\"SearchAction\",\"target\":{\"@type\":\"EntryPoint\",\"urlTemplate\":\"https:\/\/www.wallstyler.eu\/blog\/?s={search_term_string}\"},\"query-input\":\"required name=search_term_string\"}],\"inLanguage\":\"de\"},{\"@type\":\"WebPage\",\"@id\":\"https:\/\/www.wallstyler.eu\/blog\/#webpage\",\"url\":\"https:\/\/www.wallstyler.eu\/blog\/\",\"name\":\"Wallstyler Blog - Geben Sie Ihrer Wandgestaltung den Besonderen Kick\",\"isPartOf\":{\"@id\":\"https:\/\/www.wallstyler.eu\/blog\/#website\"},\"datePublished\":\"2020-07-31T16:54:39+00:00\",\"dateModified\":\"2020-08-16T12:40:57+00:00\",\"description\":\"Informationen zu unseren Produkten, wie Kunststeinpaneelen, Holzpaneelen, Moosbilder, Moosw\u00e4nde und Produkte zur Gartengestaltung\",\"breadcrumb\":{\"@id\":\"https:\/\/www.wallstyler.eu\/blog\/#breadcrumb\"},\"inLanguage\":\"de\",\"potentialAction\":[{\"@type\":\"ReadAction\",\"target\":[\"https:\/\/www.wallstyler.eu\/blog\/\"]}]},{\"@type\":\"BreadcrumbList\",\"@id\":\"https:\/\/www.wallstyler.eu\/blog\/#breadcrumb\",\"itemListElement\":[{\"@type\":\"ListItem\",\"position\":1,\"name\":\"Startseite\",\"item\":\"https:\/\/www.wallstyler.eu\/blog\/\"},{\"@type\":\"ListItem\",\"position\":2,\"name\":\"Startseite\"}]}]}<\/script>\n<!-- \/ Yoast SEO plugin. -->","yoast_head_json":{"title":"Wallstyler Blog - Geben Sie Ihrer Wandgestaltung den Besonderen Kick","description":"Informationen zu unseren Produkten, wie Kunststeinpaneelen, Holzpaneelen, Moosbilder, Moosw\u00e4nde und Produkte zur Gartengestaltung","robots":{"index":"index","follow":"follow","max-snippet":"max-snippet:-1","max-image-preview":"max-image-preview:large","max-video-preview":"max-video-preview:-1"},"canonical":"https:\/\/www.wallstyler.eu\/blog\/","og_locale":"de_DE","og_type":"article","og_title":"Wallstyler Blog - Geben Sie Ihrer Wandgestaltung den Besonderen Kick","og_description":"Informationen zu unseren Produkten, wie Kunststeinpaneelen, Holzpaneelen, Moosbilder, Moosw\u00e4nde und Produkte zur Gartengestaltung","og_url":"https:\/\/www.wallstyler.eu\/blog\/","og_site_name":"WallStyler Blog","article_publisher":"https:\/\/www.facebook.com\/wallstylershop","article_modified_time":"2020-08-16T12:40:57+00:00","twitter_card":"summary_large_image","twitter_misc":{"Gesch\u00e4tzte Lesezeit":"5\u00a0Minuten"},"schema":{"@context":"https:\/\/schema.org","@graph":[{"@type":"Organization","@id":"https:\/\/www.wallstyler.eu\/blog\/#organization","name":"Franzen Wanddesign","url":"https:\/\/www.wallstyler.eu\/blog\/","sameAs":["https:\/\/www.facebook.com\/wallstylershop","https:\/\/www.instagram.com\/wall_styler\/"],"logo":{"@type":"ImageObject","@id":"https:\/\/www.wallstyler.eu\/blog\/#logo","inLanguage":"de","url":"https:\/\/www.wallstyler.eu\/blog\/wp-content\/uploads\/2020\/06\/Logo-Wallstyler-2020-SD.png","contentUrl":"https:\/\/www.wallstyler.eu\/blog\/wp-content\/uploads\/2020\/06\/Logo-Wallstyler-2020-SD.png","width":1400,"height":375,"caption":"Franzen Wanddesign"},"image":{"@id":"https:\/\/www.wallstyler.eu\/blog\/#logo"}},{"@type":"WebSite","@id":"https:\/\/www.wallstyler.eu\/blog\/#website","url":"https:\/\/www.wallstyler.eu\/blog\/","name":"WallStyler Blog","description":"Geben Sie Ihrer Wandgestaltung den Besonderen Kick","publisher":{"@id":"https:\/\/www.wallstyler.eu\/blog\/#organization"},"potentialAction":[{"@type":"SearchAction","target":{"@type":"EntryPoint","urlTemplate":"https:\/\/www.wallstyler.eu\/blog\/?s={search_term_string}"},"query-input":"required name=search_term_string"}],"inLanguage":"de"},{"@type":"WebPage","@id":"https:\/\/www.wallstyler.eu\/blog\/#webpage","url":"https:\/\/www.wallstyler.eu\/blog\/","name":"Wallstyler Blog - Geben Sie Ihrer Wandgestaltung den Besonderen Kick","isPartOf":{"@id":"https:\/\/www.wallstyler.eu\/blog\/#website"},"datePublished":"2020-07-31T16:54:39+00:00","dateModified":"2020-08-16T12:40:57+00:00","description":"Informationen zu unseren Produkten, wie Kunststeinpaneelen, Holzpaneelen, Moosbilder, Moosw\u00e4nde und Produkte zur Gartengestaltung","breadcrumb":{"@id":"https:\/\/www.wallstyler.eu\/blog\/#breadcrumb"},"inLanguage":"de","potentialAction":[{"@type":"ReadAction","target":["https:\/\/www.wallstyler.eu\/blog\/"]}]},{"@type":"BreadcrumbList","@id":"https:\/\/www.wallstyler.eu\/blog\/#breadcrumb","itemListElement":[{"@type":"ListItem","position":1,"name":"Startseite","item":"https:\/\/www.wallstyler.eu\/blog\/"},{"@type":"ListItem","position":2,"name":"Startseite"}]}]}},"_links":{"self":[{"href":"https:\/\/www.wallstyler.eu\/blog\/wp-json\/wp\/v2\/pages\/32","targetHints":{"allow":["GET"]}}],"collection":[{"href":"https:\/\/www.wallstyler.eu\/blog\/wp-json\/wp\/v2\/pages"}],"about":[{"href":"https:\/\/www.wallstyler.eu\/blog\/wp-json\/wp\/v2\/types\/page"}],"author":[{"embeddable":true,"href":"https:\/\/www.wallstyler.eu\/blog\/wp-json\/wp\/v2\/users\/1"}],"replies":[{"embeddable":true,"href":"https:\/\/www.wallstyler.eu\/blog\/wp-json\/wp\/v2\/comments?post=32"}],"version-history":[{"count":8,"href":"https:\/\/www.wallstyler.eu\/blog\/wp-json\/wp\/v2\/pages\/32\/revisions"}],"predecessor-version":[{"id":495,"href":"https:\/\/www.wallstyler.eu\/blog\/wp-json\/wp\/v2\/pages\/32\/revisions\/495"}],"wp:attachment":[{"href":"https:\/\/www.wallstyler.eu\/blog\/wp-json\/wp\/v2\/media?parent=32"}],"curies":[{"name":"wp","href":"https:\/\/api.w.org\/{rel}","templated":true}]}}