{"id":205,"date":"2020-08-09T16:21:45","date_gmt":"2020-08-09T14:21:45","guid":{"rendered":"https:\/\/www.wallstyler.eu\/blog\/?page_id=205"},"modified":"2021-05-16T14:12:37","modified_gmt":"2021-05-16T12:12:37","slug":"gruenraumgestaltung","status":"publish","type":"page","link":"https:\/\/www.wallstyler.eu\/blog\/gruenraumgestaltung\/","title":{"rendered":"Gr\u00fcnraumgestaltung"},"content":{"rendered":"<p>[et_pb_section fb_built=&#8221;1&#8243; _builder_version=&#8221;4.5.2&#8243; _module_preset=&#8221;default&#8221; custom_padding=&#8221;||10px||false|false&#8221;][et_pb_row _builder_version=&#8221;4.5.2&#8243; _module_preset=&#8221;default&#8221;][et_pb_column type=&#8221;4_4&#8243; _builder_version=&#8221;4.5.2&#8243; _module_preset=&#8221;default&#8221;][et_pb_text _builder_version=&#8221;4.5.2&#8243; _module_preset=&#8221;default&#8221;]<\/p>\n<h1 style=\"text-align: center;\">Gr\u00fcnraumgestaltung &#8211; Moosw\u00e4nde, Moosbilder und Kunstpflanzw\u00e4nde als Wandgestaltung<\/h1>\n<p>[\/et_pb_text][\/et_pb_column][\/et_pb_row][et_pb_row column_structure=&#8221;3_5,2_5&#8243; _builder_version=&#8221;4.5.2&#8243; _module_preset=&#8221;default&#8221;][et_pb_column type=&#8221;3_5&#8243; _builder_version=&#8221;4.5.2&#8243; _module_preset=&#8221;default&#8221;][et_pb_text _builder_version=&#8221;4.5.2&#8243; _module_preset=&#8221;default&#8221;]<\/p>\n<p>Immer mehr findet die Gr\u00fcnraumgestaltung Anklang im gewerblichen sowie auch in privaten Bereichen. Von vertikalen Wandbegr\u00fcngen mit richtigen Pflanzen, W\u00e4nde aus stabilisiertem Moos bis hin zu Kunstpflanzw\u00e4nde. Unsere Moosbilder und Moosw\u00e4nde sind ein echter Hingucker und liegen voll im Trend in der Raumgestaltung. Die Moosw\u00e4nde haben einen positiven Einfluss auf das Raumklima und die Akustik des Raumes, die Moospaneelen werden individuell auf Ma\u00df und per Hand gefertigt. F\u00fcr Moosbilder werden verschiedene Farben und Moosarten zur Herstellung verwendet. Als Highlight sind auch unsere Kunstpflanzw\u00e4nde f\u00fcr eine einfache Gr\u00fcnraumgestaltung.<\/p>\n<p>[\/et_pb_text][\/et_pb_column][et_pb_column type=&#8221;2_5&#8243; _builder_version=&#8221;4.5.2&#8243; _module_preset=&#8221;default&#8221;][et_pb_image src=&#8221;https:\/\/www.wallstyler.eu\/blog\/wp-content\/uploads\/2020\/08\/mooswand-islandmoos-waldgruen-hotel-spa-2.jpg&#8221; title_text=&#8221;Mooswand Islandmoos Waldgruen Hotel Spa 2&#8243; show_in_lightbox=&#8221;on&#8221; _builder_version=&#8221;4.5.2&#8243; _module_preset=&#8221;default&#8221; border_radii=&#8221;on|10px|10px|10px|10px&#8221;][\/et_pb_image][\/et_pb_column][\/et_pb_row][\/et_pb_section][et_pb_section fb_built=&#8221;1&#8243; _builder_version=&#8221;4.5.2&#8243; _module_preset=&#8221;default&#8221; custom_padding=&#8221;10px||40px||false|false&#8221;][et_pb_row _builder_version=&#8221;4.5.2&#8243; _module_preset=&#8221;default&#8221; custom_padding=&#8221;||10px||false|false&#8221;][et_pb_column type=&#8221;4_4&#8243; _builder_version=&#8221;4.5.2&#8243; _module_preset=&#8221;default&#8221;][et_pb_text _builder_version=&#8221;4.5.2&#8243; _module_preset=&#8221;default&#8221;]<\/p>\n<h2><span style=\"text-decoration: underline;\">\u00dcbersicht Kollektionen<\/span><\/h2>\n<p>[\/et_pb_text][\/et_pb_column][\/et_pb_row][et_pb_row column_structure=&#8221;1_3,1_3,1_3&#8243; _builder_version=&#8221;4.5.2&#8243; _module_preset=&#8221;default&#8221; custom_padding=&#8221;10px||10px||false|false&#8221;][et_pb_column type=&#8221;1_3&#8243; _builder_version=&#8221;4.5.2&#8243; _module_preset=&#8221;default&#8221;][et_pb_image src=&#8221;https:\/\/www.wallstyler.eu\/blog\/wp-content\/uploads\/2020\/07\/katergorie-moosbilder-islandmoos.jpg&#8221; title_text=&#8221;Katergorie Moosbilder Islandmoos&#8221; show_in_lightbox=&#8221;on&#8221; align=&#8221;center&#8221; _builder_version=&#8221;4.5.2&#8243; _module_preset=&#8221;default&#8221; border_radii=&#8221;on|10px|10px|10px|10px&#8221; box_shadow_style=&#8221;preset2&#8243;][\/et_pb_image][\/et_pb_column][et_pb_column type=&#8221;1_3&#8243; _builder_version=&#8221;4.5.2&#8243; _module_preset=&#8221;default&#8221;][et_pb_image src=&#8221;https:\/\/www.wallstyler.eu\/blog\/wp-content\/uploads\/2020\/07\/katergorie-mooswaende-islandmoos.jpg&#8221; alt=&#8221;Kategorie &#8211; Gr\u00fcnraumgestaltung&#8221; title_text=&#8221;Katergorie Mooswaende Islandmoos&#8221; show_in_lightbox=&#8221;on&#8221; align=&#8221;center&#8221; _builder_version=&#8221;4.5.2&#8243; _module_preset=&#8221;default&#8221; border_radii=&#8221;on|10px|10px|10px|10px&#8221; box_shadow_style=&#8221;preset2&#8243;][\/et_pb_image][\/et_pb_column][et_pb_column type=&#8221;1_3&#8243; _builder_version=&#8221;4.5.2&#8243; _module_preset=&#8221;default&#8221;][\/et_pb_column][\/et_pb_row][et_pb_row column_structure=&#8221;1_3,1_3,1_3&#8243; _builder_version=&#8221;4.5.2&#8243; _module_preset=&#8221;default&#8221; custom_padding=&#8221;10px||10px||false|false&#8221;][et_pb_column type=&#8221;1_3&#8243; _builder_version=&#8221;4.5.2&#8243; _module_preset=&#8221;default&#8221;][et_pb_text _builder_version=&#8221;4.5.2&#8243; _module_preset=&#8221;default&#8221;]<\/p>\n<h2 style=\"text-align: center;\"><span class=\"subtitle\">Moosbilder<\/span><\/h2>\n<p style=\"text-align: center;\"><span class=\"subtitle\">Runde oder eckige Wandbilder aus Moos als Wandgestaltung <br \/><\/span><\/p>\n<p>[\/et_pb_text][\/et_pb_column][et_pb_column type=&#8221;1_3&#8243; _builder_version=&#8221;4.5.2&#8243; _module_preset=&#8221;default&#8221;][et_pb_text _builder_version=&#8221;4.5.2&#8243; _module_preset=&#8221;default&#8221;]<\/p>\n<h2 style=\"text-align: center;\"><span class=\"subtitle\">Moosw\u00e4nde<br \/><\/span><\/h2>\n<p style=\"text-align: center;\"><span class=\"subtitle\">Wandgestaltung mit Moos &#8211; Paneelen f\u00fcr eine schnelle vertikale Wandbegr\u00fcnung<br \/><\/span><\/p>\n<p>[\/et_pb_text][\/et_pb_column][et_pb_column type=&#8221;1_3&#8243; _builder_version=&#8221;4.5.2&#8243; _module_preset=&#8221;default&#8221;][\/et_pb_column][\/et_pb_row][et_pb_row column_structure=&#8221;1_3,1_3,1_3&#8243; _builder_version=&#8221;4.5.2&#8243; _module_preset=&#8221;default&#8221; module_alignment=&#8221;center&#8221; custom_padding=&#8221;10px||10px||false|false&#8221;][et_pb_column type=&#8221;1_3&#8243; _builder_version=&#8221;4.5.2&#8243; _module_preset=&#8221;default&#8221;][et_pb_button button_text=&#8221;Weiter zur Seite&#8221; button_alignment=&#8221;center&#8221; admin_label=&#8221;Button Kontakt&#8221; _builder_version=&#8221;4.5.2&#8243; custom_button=&#8221;on&#8221; button_text_size=&#8221;20px&#8221; button_text_color=&#8221;#ffffff&#8221; button_bg_color=&#8221;rgba(224,153,0,0.81)&#8221; button_border_width=&#8221;2px&#8221; button_border_color=&#8221;#ffffff&#8221; button_border_radius=&#8221;10px&#8221; button_letter_spacing=&#8221;2px&#8221; button_font=&#8221;|600|||||||&#8221; background_layout=&#8221;dark&#8221; button_text_shadow_style=&#8221;preset5&#8243; button_text_shadow_color=&#8221;#000000&#8243; box_shadow_style=&#8221;preset2&#8243;][\/et_pb_button][\/et_pb_column][et_pb_column type=&#8221;1_3&#8243; _builder_version=&#8221;4.5.2&#8243; _module_preset=&#8221;default&#8221;][et_pb_button button_text=&#8221;Weiter zur Seite&#8221; button_alignment=&#8221;center&#8221; admin_label=&#8221;Button Kontakt&#8221; _builder_version=&#8221;4.9.3&#8243; custom_button=&#8221;on&#8221; button_text_size=&#8221;20px&#8221; button_text_color=&#8221;#ffffff&#8221; button_bg_color=&#8221;rgba(224,153,0,0.81)&#8221; button_border_width=&#8221;2px&#8221; button_border_color=&#8221;#ffffff&#8221; button_border_radius=&#8221;10px&#8221; button_letter_spacing=&#8221;2px&#8221; button_font=&#8221;|600|||||||&#8221; background_layout=&#8221;dark&#8221; hover_enabled=&#8221;0&#8243; button_text_shadow_style=&#8221;preset5&#8243; button_text_shadow_color=&#8221;#000000&#8243; box_shadow_style=&#8221;preset2&#8243; button_url=&#8221;@ET-DC@eyJkeW5hbWljIjp0cnVlLCJjb250ZW50IjoicG9zdF9saW5rX3VybF9wYWdlIiwic2V0dGluZ3MiOnsicG9zdF9pZCI6IjcwNSJ9fQ==@&#8221; _dynamic_attributes=&#8221;button_url&#8221; sticky_enabled=&#8221;0&#8243;][\/et_pb_button][\/et_pb_column][et_pb_column type=&#8221;1_3&#8243; _builder_version=&#8221;4.5.2&#8243; _module_preset=&#8221;default&#8221;][\/et_pb_column][\/et_pb_row][\/et_pb_section][et_pb_section fb_built=&#8221;1&#8243; _builder_version=&#8221;4.4.8&#8243; background_color=&#8221;#aa1111&#8243;][et_pb_row column_structure=&#8221;1_2,1_4,1_4&#8243; make_equal=&#8221;on&#8221; _builder_version=&#8221;4.4.8&#8243; width=&#8221;100%&#8221; max_width=&#8221;1532px&#8221; module_alignment=&#8221;center&#8221;][et_pb_column type=&#8221;1_2&#8243; _builder_version=&#8221;4.4.8&#8243;][et_pb_text _builder_version=&#8221;4.4.8&#8243; header_font_size=&#8221;35px&#8221; header_letter_spacing=&#8221;1px&#8221; header_line_height=&#8221;1.2em&#8221; width=&#8221;100%&#8221;]<\/p>\n<h1><span style=\"color: #ffffff;\">Unsere Produkte gefallen Ihnen?<\/span><\/h1>\n<p><span style=\"color: #ffffff;\">Fordern Sie ganz einfach ein Angebot an oder bestellen Sie einfach online<\/span><\/p>\n<p>[\/et_pb_text][\/et_pb_column][et_pb_column type=&#8221;1_4&#8243; _builder_version=&#8221;4.4.8&#8243;][et_pb_button button_url=&#8221;@ET-DC@eyJkeW5hbWljIjp0cnVlLCJjb250ZW50IjoicG9zdF9saW5rX3VybF9wYWdlIiwic2V0dGluZ3MiOnsicG9zdF9pZCI6IjcxIn19@&#8221; button_text=&#8221;Zum Kontaktformular&#8221; button_alignment=&#8221;left&#8221; admin_label=&#8221;Button Kontakt&#8221; _builder_version=&#8221;4.5.2&#8243; _dynamic_attributes=&#8221;button_url&#8221; custom_button=&#8221;on&#8221; button_text_size=&#8221;20px&#8221; button_text_color=&#8221;#ffffff&#8221; button_bg_color=&#8221;rgba(224,153,0,0.81)&#8221; button_border_width=&#8221;2px&#8221; button_border_color=&#8221;#ffffff&#8221; button_border_radius=&#8221;10px&#8221; button_letter_spacing=&#8221;2px&#8221; button_font=&#8221;|600|||||||&#8221; background_layout=&#8221;dark&#8221; button_text_shadow_style=&#8221;preset5&#8243; button_text_shadow_color=&#8221;#000000&#8243; box_shadow_style=&#8221;preset2&#8243;][\/et_pb_button][\/et_pb_column][et_pb_column type=&#8221;1_4&#8243; _builder_version=&#8221;4.4.8&#8243;][et_pb_button button_url=&#8221;https:\/\/www.wallstyler.eu\/Gruenraumgestaltung&#8221; url_new_window=&#8221;on&#8221; button_text=&#8221;Zum Online-Shop&#8221; button_alignment=&#8221;left&#8221; admin_label=&#8221;Button Kontakt&#8221; _builder_version=&#8221;4.5.2&#8243; custom_button=&#8221;on&#8221; button_text_size=&#8221;20px&#8221; button_text_color=&#8221;#ffffff&#8221; button_bg_color=&#8221;rgba(224,153,0,0.81)&#8221; button_border_width=&#8221;2px&#8221; button_border_color=&#8221;#ffffff&#8221; button_border_radius=&#8221;10px&#8221; button_letter_spacing=&#8221;2px&#8221; button_font=&#8221;|600|||||||&#8221; background_layout=&#8221;dark&#8221; button_text_shadow_style=&#8221;preset5&#8243; button_text_shadow_color=&#8221;#000000&#8243; box_shadow_style=&#8221;preset2&#8243;][\/et_pb_button][\/et_pb_column][\/et_pb_row][\/et_pb_section]<\/p>\n","protected":false},"excerpt":{"rendered":"<p>Gr\u00fcnraumgestaltung &#8211; Moosw\u00e4nde, Moosbilder und Kunstpflanzw\u00e4nde als WandgestaltungImmer mehr findet die Gr\u00fcnraumgestaltung Anklang im gewerblichen sowie auch in privaten Bereichen. Von vertikalen Wandbegr\u00fcngen mit richtigen Pflanzen, W\u00e4nde aus stabilisiertem Moos bis hin zu Kunstpflanzw\u00e4nde. Unsere Moosbilder und Moosw\u00e4nde sind ein echter Hingucker und liegen voll im Trend in der Raumgestaltung. Die Moosw\u00e4nde haben einen positiven [&hellip;]<\/p>\n","protected":false},"author":1,"featured_media":0,"parent":0,"menu_order":4,"comment_status":"closed","ping_status":"closed","template":"","meta":{"_et_pb_use_builder":"on","_et_pb_old_content":"","_et_gb_content_width":"","footnotes":""},"class_list":["post-205","page","type-page","status-publish","hentry"],"yoast_head":"<!-- This site is optimized with the Yoast SEO plugin v18.5.1 - https:\/\/yoast.com\/wordpress\/plugins\/seo\/ -->\n<title>Gr\u00fcnraumgestaltung - Moosbilder und Moosw\u00e4nde als Wandgestaltung<\/title>\n<meta name=\"description\" content=\"Informationen \u00fcber unsere Moosbilder, Moosw\u00e4nde. Vertikale Wandbegr\u00fcnung als moderene Wandgestaltung. W\u00e4nde mit Moos als neuer Trend\" \/>\n<meta name=\"robots\" content=\"index, follow, max-snippet:-1, max-image-preview:large, max-video-preview:-1\" \/>\n<link rel=\"canonical\" href=\"https:\/\/www.wallstyler.eu\/blog\/gruenraumgestaltung\/\" \/>\n<meta property=\"og:locale\" content=\"de_DE\" \/>\n<meta property=\"og:type\" content=\"article\" \/>\n<meta property=\"og:title\" content=\"Gr\u00fcnraumgestaltung - Moosbilder und Moosw\u00e4nde als Wandgestaltung\" \/>\n<meta property=\"og:description\" content=\"Informationen \u00fcber unsere Moosbilder, Moosw\u00e4nde. Vertikale Wandbegr\u00fcnung als moderene Wandgestaltung. W\u00e4nde mit Moos als neuer Trend\" \/>\n<meta property=\"og:url\" content=\"https:\/\/www.wallstyler.eu\/blog\/gruenraumgestaltung\/\" \/>\n<meta property=\"og:site_name\" content=\"WallStyler Blog\" \/>\n<meta property=\"article:publisher\" content=\"https:\/\/www.facebook.com\/wallstylershop\" \/>\n<meta property=\"article:modified_time\" content=\"2021-05-16T12:12:37+00:00\" \/>\n<meta name=\"twitter:card\" content=\"summary_large_image\" \/>\n<meta name=\"twitter:label1\" content=\"Gesch\u00e4tzte Lesezeit\" \/>\n\t<meta name=\"twitter:data1\" content=\"5\u00a0Minuten\" \/>\n<script type=\"application\/ld+json\" class=\"yoast-schema-graph\">{\"@context\":\"https:\/\/schema.org\",\"@graph\":[{\"@type\":\"Organization\",\"@id\":\"https:\/\/www.wallstyler.eu\/blog\/#organization\",\"name\":\"Franzen Wanddesign\",\"url\":\"https:\/\/www.wallstyler.eu\/blog\/\",\"sameAs\":[\"https:\/\/www.facebook.com\/wallstylershop\",\"https:\/\/www.instagram.com\/wall_styler\/\"],\"logo\":{\"@type\":\"ImageObject\",\"@id\":\"https:\/\/www.wallstyler.eu\/blog\/#logo\",\"inLanguage\":\"de\",\"url\":\"https:\/\/www.wallstyler.eu\/blog\/wp-content\/uploads\/2020\/06\/Logo-Wallstyler-2020-SD.png\",\"contentUrl\":\"https:\/\/www.wallstyler.eu\/blog\/wp-content\/uploads\/2020\/06\/Logo-Wallstyler-2020-SD.png\",\"width\":1400,\"height\":375,\"caption\":\"Franzen Wanddesign\"},\"image\":{\"@id\":\"https:\/\/www.wallstyler.eu\/blog\/#logo\"}},{\"@type\":\"WebSite\",\"@id\":\"https:\/\/www.wallstyler.eu\/blog\/#website\",\"url\":\"https:\/\/www.wallstyler.eu\/blog\/\",\"name\":\"WallStyler Blog\",\"description\":\"Geben Sie Ihrer Wandgestaltung den Besonderen Kick\",\"publisher\":{\"@id\":\"https:\/\/www.wallstyler.eu\/blog\/#organization\"},\"potentialAction\":[{\"@type\":\"SearchAction\",\"target\":{\"@type\":\"EntryPoint\",\"urlTemplate\":\"https:\/\/www.wallstyler.eu\/blog\/?s={search_term_string}\"},\"query-input\":\"required name=search_term_string\"}],\"inLanguage\":\"de\"},{\"@type\":\"WebPage\",\"@id\":\"https:\/\/www.wallstyler.eu\/blog\/gruenraumgestaltung\/#webpage\",\"url\":\"https:\/\/www.wallstyler.eu\/blog\/gruenraumgestaltung\/\",\"name\":\"Gr\u00fcnraumgestaltung - Moosbilder und Moosw\u00e4nde als Wandgestaltung\",\"isPartOf\":{\"@id\":\"https:\/\/www.wallstyler.eu\/blog\/#website\"},\"datePublished\":\"2020-08-09T14:21:45+00:00\",\"dateModified\":\"2021-05-16T12:12:37+00:00\",\"description\":\"Informationen \u00fcber unsere Moosbilder, Moosw\u00e4nde. Vertikale Wandbegr\u00fcnung als moderene Wandgestaltung. W\u00e4nde mit Moos als neuer Trend\",\"breadcrumb\":{\"@id\":\"https:\/\/www.wallstyler.eu\/blog\/gruenraumgestaltung\/#breadcrumb\"},\"inLanguage\":\"de\",\"potentialAction\":[{\"@type\":\"ReadAction\",\"target\":[\"https:\/\/www.wallstyler.eu\/blog\/gruenraumgestaltung\/\"]}]},{\"@type\":\"BreadcrumbList\",\"@id\":\"https:\/\/www.wallstyler.eu\/blog\/gruenraumgestaltung\/#breadcrumb\",\"itemListElement\":[{\"@type\":\"ListItem\",\"position\":1,\"name\":\"Startseite\",\"item\":\"https:\/\/www.wallstyler.eu\/blog\/\"},{\"@type\":\"ListItem\",\"position\":2,\"name\":\"Gr\u00fcnraumgestaltung\"}]}]}<\/script>\n<!-- \/ Yoast SEO plugin. -->","yoast_head_json":{"title":"Gr\u00fcnraumgestaltung - Moosbilder und Moosw\u00e4nde als Wandgestaltung","description":"Informationen \u00fcber unsere Moosbilder, Moosw\u00e4nde. Vertikale Wandbegr\u00fcnung als moderene Wandgestaltung. W\u00e4nde mit Moos als neuer Trend","robots":{"index":"index","follow":"follow","max-snippet":"max-snippet:-1","max-image-preview":"max-image-preview:large","max-video-preview":"max-video-preview:-1"},"canonical":"https:\/\/www.wallstyler.eu\/blog\/gruenraumgestaltung\/","og_locale":"de_DE","og_type":"article","og_title":"Gr\u00fcnraumgestaltung - Moosbilder und Moosw\u00e4nde als Wandgestaltung","og_description":"Informationen \u00fcber unsere Moosbilder, Moosw\u00e4nde. Vertikale Wandbegr\u00fcnung als moderene Wandgestaltung. W\u00e4nde mit Moos als neuer Trend","og_url":"https:\/\/www.wallstyler.eu\/blog\/gruenraumgestaltung\/","og_site_name":"WallStyler Blog","article_publisher":"https:\/\/www.facebook.com\/wallstylershop","article_modified_time":"2021-05-16T12:12:37+00:00","twitter_card":"summary_large_image","twitter_misc":{"Gesch\u00e4tzte Lesezeit":"5\u00a0Minuten"},"schema":{"@context":"https:\/\/schema.org","@graph":[{"@type":"Organization","@id":"https:\/\/www.wallstyler.eu\/blog\/#organization","name":"Franzen Wanddesign","url":"https:\/\/www.wallstyler.eu\/blog\/","sameAs":["https:\/\/www.facebook.com\/wallstylershop","https:\/\/www.instagram.com\/wall_styler\/"],"logo":{"@type":"ImageObject","@id":"https:\/\/www.wallstyler.eu\/blog\/#logo","inLanguage":"de","url":"https:\/\/www.wallstyler.eu\/blog\/wp-content\/uploads\/2020\/06\/Logo-Wallstyler-2020-SD.png","contentUrl":"https:\/\/www.wallstyler.eu\/blog\/wp-content\/uploads\/2020\/06\/Logo-Wallstyler-2020-SD.png","width":1400,"height":375,"caption":"Franzen Wanddesign"},"image":{"@id":"https:\/\/www.wallstyler.eu\/blog\/#logo"}},{"@type":"WebSite","@id":"https:\/\/www.wallstyler.eu\/blog\/#website","url":"https:\/\/www.wallstyler.eu\/blog\/","name":"WallStyler Blog","description":"Geben Sie Ihrer Wandgestaltung den Besonderen Kick","publisher":{"@id":"https:\/\/www.wallstyler.eu\/blog\/#organization"},"potentialAction":[{"@type":"SearchAction","target":{"@type":"EntryPoint","urlTemplate":"https:\/\/www.wallstyler.eu\/blog\/?s={search_term_string}"},"query-input":"required name=search_term_string"}],"inLanguage":"de"},{"@type":"WebPage","@id":"https:\/\/www.wallstyler.eu\/blog\/gruenraumgestaltung\/#webpage","url":"https:\/\/www.wallstyler.eu\/blog\/gruenraumgestaltung\/","name":"Gr\u00fcnraumgestaltung - Moosbilder und Moosw\u00e4nde als Wandgestaltung","isPartOf":{"@id":"https:\/\/www.wallstyler.eu\/blog\/#website"},"datePublished":"2020-08-09T14:21:45+00:00","dateModified":"2021-05-16T12:12:37+00:00","description":"Informationen \u00fcber unsere Moosbilder, Moosw\u00e4nde. Vertikale Wandbegr\u00fcnung als moderene Wandgestaltung. W\u00e4nde mit Moos als neuer Trend","breadcrumb":{"@id":"https:\/\/www.wallstyler.eu\/blog\/gruenraumgestaltung\/#breadcrumb"},"inLanguage":"de","potentialAction":[{"@type":"ReadAction","target":["https:\/\/www.wallstyler.eu\/blog\/gruenraumgestaltung\/"]}]},{"@type":"BreadcrumbList","@id":"https:\/\/www.wallstyler.eu\/blog\/gruenraumgestaltung\/#breadcrumb","itemListElement":[{"@type":"ListItem","position":1,"name":"Startseite","item":"https:\/\/www.wallstyler.eu\/blog\/"},{"@type":"ListItem","position":2,"name":"Gr\u00fcnraumgestaltung"}]}]}},"_links":{"self":[{"href":"https:\/\/www.wallstyler.eu\/blog\/wp-json\/wp\/v2\/pages\/205","targetHints":{"allow":["GET"]}}],"collection":[{"href":"https:\/\/www.wallstyler.eu\/blog\/wp-json\/wp\/v2\/pages"}],"about":[{"href":"https:\/\/www.wallstyler.eu\/blog\/wp-json\/wp\/v2\/types\/page"}],"author":[{"embeddable":true,"href":"https:\/\/www.wallstyler.eu\/blog\/wp-json\/wp\/v2\/users\/1"}],"replies":[{"embeddable":true,"href":"https:\/\/www.wallstyler.eu\/blog\/wp-json\/wp\/v2\/comments?post=205"}],"version-history":[{"count":4,"href":"https:\/\/www.wallstyler.eu\/blog\/wp-json\/wp\/v2\/pages\/205\/revisions"}],"predecessor-version":[{"id":722,"href":"https:\/\/www.wallstyler.eu\/blog\/wp-json\/wp\/v2\/pages\/205\/revisions\/722"}],"wp:attachment":[{"href":"https:\/\/www.wallstyler.eu\/blog\/wp-json\/wp\/v2\/media?parent=205"}],"curies":[{"name":"wp","href":"https:\/\/api.w.org\/{rel}","templated":true}]}}